{"id":1055,"date":"2022-03-08T09:21:58","date_gmt":"2022-03-08T07:21:58","guid":{"rendered":"https:\/\/testlnm.lt\/?post_type=product&#038;p=1055"},"modified":"2026-04-01T11:44:37","modified_gmt":"2026-04-01T08:44:37","slug":"kas-issigando-sliupo","status":"publish","type":"product","link":"https:\/\/testlnm.lt\/en\/product\/kas-issigando-sliupo\/","title":{"rendered":"Who Was Scared of \u0160li\u016bpas?"},"content":{"rendered":"<p>Who was afraid of \u0160li\u016bpas? Well, who hasn't been afraid of him!<\/p>\n<p>This tireless, controversial but always well-meaning man was a source of fear and anger for many in his time.<br \/>\nThis comic book reveals, in a fun and unadorned way, the multifaceted, uncompromising personality of Dr. Jonas \u0160li\u016bpas, who was active in Lithuania and the Diaspora in the late 19th and early 20th centuries, in educational, political and diplomatic contexts. The book presents the forgotten, not always \"comfortable\" Jonas \u0160li\u016bpas, and draws attention to the progressive nature of his work and its relevance today.<\/p>\n<p>The book is aimed at older students and a wider audience.<\/p>","protected":false},"excerpt":{"rendered":"<p>Who Was Scared of \u0160li\u016bpas?<\/p>\n<p>Vilnius, 2021. 48 p., Lithuanian, ISBN 978-609-478-056-1<\/p>\n<p>Artist: Migl\u0117 Anu\u0161auskait\u0117.<\/p>","protected":false},"featured_media":1056,"template":"","meta":{"_acf_changed":false,"inline_featured_image":false},"product_brand":[],"product_cat":[75,73,19,21],"product_tag":[145,146],"class_list":{"0":"post-1055","1":"product","2":"type-product","3":"status-publish","4":"has-post-thumbnail","6":"product_cat-biografijos","7":"product_cat-kiti-leidiniai","8":"product_cat-leidiniai","9":"product_cat-vaikams","10":"product_tag-kiti-leidiniai","11":"product_tag-sliupas","13":"first","14":"instock","15":"taxable","16":"shipping-taxable","17":"purchasable","18":"product-type-simple"},"acf":[],"_links":{"self":[{"href":"https:\/\/testlnm.lt\/en\/wp-json\/wp\/v2\/product\/1055","targetHints":{"allow":["GET"]}}],"collection":[{"href":"https:\/\/testlnm.lt\/en\/wp-json\/wp\/v2\/product"}],"about":[{"href":"https:\/\/testlnm.lt\/en\/wp-json\/wp\/v2\/types\/product"}],"wp:featuredmedia":[{"embeddable":true,"href":"https:\/\/testlnm.lt\/en\/wp-json\/wp\/v2\/media\/1056"}],"wp:attachment":[{"href":"https:\/\/testlnm.lt\/en\/wp-json\/wp\/v2\/media?parent=1055"}],"wp:term":[{"taxonomy":"product_brand","embeddable":true,"href":"https:\/\/testlnm.lt\/en\/wp-json\/wp\/v2\/product_brand?post=1055"},{"taxonomy":"product_cat","embeddable":true,"href":"https:\/\/testlnm.lt\/en\/wp-json\/wp\/v2\/product_cat?post=1055"},{"taxonomy":"product_tag","embeddable":true,"href":"https:\/\/testlnm.lt\/en\/wp-json\/wp\/v2\/product_tag?post=1055"}],"curies":[{"name":"wp","href":"https:\/\/api.w.org\/{rel}","templated":true}]}}