{"id":1112,"date":"2022-04-19T09:21:32","date_gmt":"2022-04-19T06:21:32","guid":{"rendered":"https:\/\/testlnm.lt\/?post_type=product&#038;p=1112"},"modified":"2026-04-01T11:44:36","modified_gmt":"2026-04-01T08:44:36","slug":"selenis-v-nepriklausomybes-akto-signataras-jokubas-sernas","status":"publish","type":"product","link":"https:\/\/testlnm.lt\/en\/product\/selenis-v-nepriklausomybes-akto-signataras-jokubas-sernas\/","title":{"rendered":"Selenis V. Jok\u016bbas \u0160ernas, Signatory of the Act of Independence"},"content":{"rendered":"<p>Lawyer Jok\u016bbas \u0160ernas signed the Act of Independence of Lithuania on 16 February 1918 at the age of 29, one of the youngest signatories. \u0160ernas was one of the signatories who also served as a minister, took part in the drafting of the Constitution of Lithuania, and was one of the authors of the project on the internal state loan. The diverse social and political activities of James \u0160ernas contributed significantly to the restoration and consolidation of the Lithuanian state.<br \/>\nThis is the first book on Jok\u016bbas \u0160ernas, a signatory of the Act of Independence, and the first to detail his activities in the Lithuanian Society for the Relief of War Victims, his political activities during the creation of the Lithuanian State and its first years, and his work in the Department of Local Government.<\/p>","protected":false},"excerpt":{"rendered":"<p>Vilnius, 2022. From the archive of the National Museum of Lithuania \u2013 25, 166 p., Lithuanian,<\/p>\n<p>ISSN 1648-2859; ISBN 978-609-478-058-5<\/p>","protected":false},"featured_media":1113,"template":"","meta":{"_acf_changed":false,"inline_featured_image":false},"product_brand":[],"product_cat":[75,23,19],"product_tag":[82,80,148],"class_list":{"0":"post-1112","1":"product","2":"type-product","3":"status-publish","4":"has-post-thumbnail","6":"product_cat-biografijos","7":"product_cat-istorija","8":"product_cat-leidiniai","9":"product_tag-biografija","10":"product_tag-istorija","11":"product_tag-signatarai","13":"first","14":"instock","15":"taxable","16":"shipping-taxable","17":"purchasable","18":"product-type-simple"},"acf":[],"_links":{"self":[{"href":"https:\/\/testlnm.lt\/en\/wp-json\/wp\/v2\/product\/1112","targetHints":{"allow":["GET"]}}],"collection":[{"href":"https:\/\/testlnm.lt\/en\/wp-json\/wp\/v2\/product"}],"about":[{"href":"https:\/\/testlnm.lt\/en\/wp-json\/wp\/v2\/types\/product"}],"wp:featuredmedia":[{"embeddable":true,"href":"https:\/\/testlnm.lt\/en\/wp-json\/wp\/v2\/media\/1113"}],"wp:attachment":[{"href":"https:\/\/testlnm.lt\/en\/wp-json\/wp\/v2\/media?parent=1112"}],"wp:term":[{"taxonomy":"product_brand","embeddable":true,"href":"https:\/\/testlnm.lt\/en\/wp-json\/wp\/v2\/product_brand?post=1112"},{"taxonomy":"product_cat","embeddable":true,"href":"https:\/\/testlnm.lt\/en\/wp-json\/wp\/v2\/product_cat?post=1112"},{"taxonomy":"product_tag","embeddable":true,"href":"https:\/\/testlnm.lt\/en\/wp-json\/wp\/v2\/product_tag?post=1112"}],"curies":[{"name":"wp","href":"https:\/\/api.w.org\/{rel}","templated":true}]}}