{"id":1265,"date":"2022-09-29T17:47:51","date_gmt":"2022-09-29T14:47:51","guid":{"rendered":"https:\/\/testlnm.lt\/?post_type=product&#038;p=1265"},"modified":"2026-04-01T11:44:36","modified_gmt":"2026-04-01T08:44:36","slug":"a-ingeleviciaus-fotografijos-skaitmeninis-antspaudas","status":"publish","type":"product","link":"https:\/\/testlnm.lt\/en\/product\/a-ingeleviciaus-fotografijos-skaitmeninis-antspaudas\/","title":{"rendered":"Digital Print of A. Ingelevi\u010dius Photograph"},"content":{"rendered":"<p>A. Ingelevi\u010dius Digital Photo Print. <em>Gicl\u00e9e<\/em> technika.<\/p>\n<p>WITHOUT FRAME.<\/p>\n<ol>\n<li>\u00a0Panorama of \u017daliakalnis from the balcony of Antanas Ingelevi\u010dius's apartment on Kalnai (now V. Putvinskios) street. Around 1933 ENeg 1732<\/li>\n<li>Residential house on P. Luk\u0161ios(now St. Gertrudas) street near St. Nicholas Church. 1925-1930 ENeg 2343<\/li>\n<\/ol>\n<p>&nbsp;<br \/>\n<strong>Please specify the desired print in the 'Remarks' field of the order.<\/strong><br \/>\n&nbsp;<br \/>\nThe Right to Publish these Photographs and their Negatives belongs to the National Museum of Lithuania.<\/p>\n<p>The purchase of a photograph does not grant the right to reproduce it or use it for similar purposes without the written permission of the National Museum of Lithuania.<\/p>\n<p>\u00a9 National Museum of Lithuania<\/p>\n<p>&nbsp;<\/p>\n<p>&nbsp;<\/p>","protected":false},"excerpt":{"rendered":"<p>A. Ingelevi\u010diaus fotografijos atspaudas, spausdintas spaustuv\u0117je Gicl\u00e9e technika. PARDUODAMA BE  [&#8230;]<\/p>\n","protected":false},"featured_media":1336,"template":"","meta":{"_acf_changed":false,"inline_featured_image":false},"product_brand":[],"product_cat":[20],"product_tag":[156,154,155],"class_list":{"0":"post-1265","1":"product","2":"type-product","3":"status-publish","4":"has-post-thumbnail","6":"product_cat-dovanos-suvenyrai","7":"product_tag-antanas-ingelevicius","8":"product_tag-fotografijos","9":"product_tag-nuotraukos","11":"first","12":"instock","13":"taxable","14":"shipping-taxable","15":"purchasable","16":"product-type-simple"},"acf":[],"_links":{"self":[{"href":"https:\/\/testlnm.lt\/en\/wp-json\/wp\/v2\/product\/1265","targetHints":{"allow":["GET"]}}],"collection":[{"href":"https:\/\/testlnm.lt\/en\/wp-json\/wp\/v2\/product"}],"about":[{"href":"https:\/\/testlnm.lt\/en\/wp-json\/wp\/v2\/types\/product"}],"wp:featuredmedia":[{"embeddable":true,"href":"https:\/\/testlnm.lt\/en\/wp-json\/wp\/v2\/media\/1336"}],"wp:attachment":[{"href":"https:\/\/testlnm.lt\/en\/wp-json\/wp\/v2\/media?parent=1265"}],"wp:term":[{"taxonomy":"product_brand","embeddable":true,"href":"https:\/\/testlnm.lt\/en\/wp-json\/wp\/v2\/product_brand?post=1265"},{"taxonomy":"product_cat","embeddable":true,"href":"https:\/\/testlnm.lt\/en\/wp-json\/wp\/v2\/product_cat?post=1265"},{"taxonomy":"product_tag","embeddable":true,"href":"https:\/\/testlnm.lt\/en\/wp-json\/wp\/v2\/product_tag?post=1265"}],"curies":[{"name":"wp","href":"https:\/\/api.w.org\/{rel}","templated":true}]}}