{"id":1280,"date":"2022-09-30T11:12:20","date_gmt":"2022-09-30T08:12:20","guid":{"rendered":"https:\/\/testlnm.lt\/?post_type=product&#038;p=1280"},"modified":"2026-04-17T09:20:54","modified_gmt":"2026-04-17T06:20:54","slug":"ispakuojam-henrio-gaidzio-dovana-lietuvai-unboxing-henry-gaidis-gift-to-lithuania","status":"publish","type":"product","link":"https:\/\/testlnm.lt\/en\/product\/ispakuojam-henrio-gaidzio-dovana-lietuvai-unboxing-henry-gaidis-gift-to-lithuania\/","title":{"rendered":"I\u0161pakuojam! Henrio Gaid\u017eio dovana Lietuvai \/ Unboxing. Henry Gaidis\u2018 Gift to Lithuania."},"content":{"rendered":"<p>The exhibition catalogue \"Unpacking! Henris Gaidys' Gift to Lithuania\" invites you to discover the everyday life of the museum and the exhibits collected in the collection, to take a look at the improvised storage facilities of the H. L. Gaidys collection, to look into the office of the exhibition curator, researcher, and museum curator. And to trace the journey of the exhibits - from the gift to the exhibition.<\/p>\n<p>The H. L. Gaidys collection, accumulated over more than 50 years \u2013 an impressive collection of military weapons and military attributes, archival and written sources \u2013 is a wonderful gift to the National Museum of Lithuania and all of Lithuania. The collection, which consists of almost 8,000 items, contains exhibits and memorials from the times of the Grand Duchy of Lithuania to the present day. The collector has collected many exceptional exhibits related to the destroyed interwar Lithuanian army, as well as Lithuanians who served in the armies of various states. The collection is rich in military uniforms, archival and iconographic materials, and a numismatic collection.<br \/>\nThe exhibition catalog includes stories told by researchers and a brief presentation of the collection, allowing you to get an overview of this exceptional gift to the museum.<\/p>\n<p>Collection languages: Lithuanian and English.<\/p>","protected":false},"excerpt":{"rendered":"<p>Parodos katalogas \/ Exhibition Catalogue<\/p>\n<p>Vilnius, 2022. 136 p., lietuvi\u0173 k., angl\u0173 k. ISBN 978-609-478-060-8<\/p>\n<p>Katalogo sudarytojai ir parodos kuratoriai: Tadas \u0160\u0117ma, dr. Ina \u0116mu\u017eien\u0117.<\/p>","protected":false},"featured_media":1286,"template":"","meta":{"_acf_changed":false,"inline_featured_image":false},"product_brand":[],"product_cat":[24,19,183,72],"product_tag":[],"class_list":{"0":"post-1280","1":"product","2":"type-product","3":"status-publish","4":"has-post-thumbnail","6":"product_cat-kolekciju-rinkiniai","7":"product_cat-leidiniai","8":"product_cat-leidiniai-anglu-kalba","9":"product_cat-parodu-katalogai-ir-kspoziciju-vadovai","11":"first","12":"instock","13":"taxable","14":"shipping-taxable","15":"purchasable","16":"product-type-simple"},"acf":[],"_links":{"self":[{"href":"https:\/\/testlnm.lt\/en\/wp-json\/wp\/v2\/product\/1280","targetHints":{"allow":["GET"]}}],"collection":[{"href":"https:\/\/testlnm.lt\/en\/wp-json\/wp\/v2\/product"}],"about":[{"href":"https:\/\/testlnm.lt\/en\/wp-json\/wp\/v2\/types\/product"}],"wp:featuredmedia":[{"embeddable":true,"href":"https:\/\/testlnm.lt\/en\/wp-json\/wp\/v2\/media\/1286"}],"wp:attachment":[{"href":"https:\/\/testlnm.lt\/en\/wp-json\/wp\/v2\/media?parent=1280"}],"wp:term":[{"taxonomy":"product_brand","embeddable":true,"href":"https:\/\/testlnm.lt\/en\/wp-json\/wp\/v2\/product_brand?post=1280"},{"taxonomy":"product_cat","embeddable":true,"href":"https:\/\/testlnm.lt\/en\/wp-json\/wp\/v2\/product_cat?post=1280"},{"taxonomy":"product_tag","embeddable":true,"href":"https:\/\/testlnm.lt\/en\/wp-json\/wp\/v2\/product_tag?post=1280"}],"curies":[{"name":"wp","href":"https:\/\/api.w.org\/{rel}","templated":true}]}}