{"id":1287,"date":"2022-09-30T11:21:51","date_gmt":"2022-09-30T08:21:51","guid":{"rendered":"https:\/\/testlnm.lt\/?post_type=product&#038;p=1287"},"modified":"2026-04-01T11:44:35","modified_gmt":"2026-04-01T08:44:35","slug":"etnografija-21-22-metrastis-2011-2012","status":"publish","type":"product","link":"https:\/\/testlnm.lt\/en\/product\/etnografija-21-22-metrastis-2011-2012\/","title":{"rendered":"Ethnography 21-22, Yearbook of 2011-2012"},"content":{"rendered":"<p>This issue of Ethnography is dedicated to getting familiar with the Upyna Folk Crafts Museum in \u0160ilal\u0117 district and its founder, local historian, Klemens Lov\u010diks.<\/p>\n<p>The issue consists of five chapters. The first one introduces Klemens Lov\u010dikas, a local historian, museum worker, photographer, publicist and certified master of traditional folk crafts. The three main parts are devoted to the Museum of Folk Crafts, which tell the story of the exhibits of the Museum of Folk Crafts in Upyna, present articles published at various times by the founder and promoter of the Museum, Klemens Lov\u010dikas, and introduce the anecdotal accounts regarding the presenter's own region, its people, lifestyles, communication and customs in the 20th century. The fifth chapter contains lists of the presenters and place names of the Upyna region.<\/p>","protected":false},"excerpt":{"rendered":"<p>Yearbook \"Ethnography\"<\/p>\n<p class=\"translation-block\">Vilnius, 2022. 352 p., Lithuanian, summary in English, ISSN 1648-4835<br>\nPublication compilers: Elvyda Lazauskait\u0117 and Maryt\u0117 Slu\u0161inskait\u0117. Designer: Edita Gu\u017eait\u0117. Editor: Maryt\u0117 Slu\u0161inskait\u0117.<\/p>","protected":false},"featured_media":1288,"template":"","meta":{"_acf_changed":false,"inline_featured_image":false},"product_brand":[],"product_cat":[70,19],"product_tag":[],"class_list":{"0":"post-1287","1":"product","2":"type-product","3":"status-publish","4":"has-post-thumbnail","6":"product_cat-etnografija","7":"product_cat-leidiniai","9":"first","10":"instock","11":"taxable","12":"shipping-taxable","13":"purchasable","14":"product-type-simple"},"acf":[],"_links":{"self":[{"href":"https:\/\/testlnm.lt\/en\/wp-json\/wp\/v2\/product\/1287","targetHints":{"allow":["GET"]}}],"collection":[{"href":"https:\/\/testlnm.lt\/en\/wp-json\/wp\/v2\/product"}],"about":[{"href":"https:\/\/testlnm.lt\/en\/wp-json\/wp\/v2\/types\/product"}],"wp:featuredmedia":[{"embeddable":true,"href":"https:\/\/testlnm.lt\/en\/wp-json\/wp\/v2\/media\/1288"}],"wp:attachment":[{"href":"https:\/\/testlnm.lt\/en\/wp-json\/wp\/v2\/media?parent=1287"}],"wp:term":[{"taxonomy":"product_brand","embeddable":true,"href":"https:\/\/testlnm.lt\/en\/wp-json\/wp\/v2\/product_brand?post=1287"},{"taxonomy":"product_cat","embeddable":true,"href":"https:\/\/testlnm.lt\/en\/wp-json\/wp\/v2\/product_cat?post=1287"},{"taxonomy":"product_tag","embeddable":true,"href":"https:\/\/testlnm.lt\/en\/wp-json\/wp\/v2\/product_tag?post=1287"}],"curies":[{"name":"wp","href":"https:\/\/api.w.org\/{rel}","templated":true}]}}