{"id":1308,"date":"2022-10-07T17:50:31","date_gmt":"2022-10-07T14:50:31","guid":{"rendered":"https:\/\/testlnm.lt\/?post_type=product&#038;p=1308"},"modified":"2026-04-01T11:44:35","modified_gmt":"2026-04-01T08:44:35","slug":"atvirukas-su-a-ingeleviciaus-fotografija-2","status":"publish","type":"product","link":"https:\/\/testlnm.lt\/en\/product\/atvirukas-su-a-ingeleviciaus-fotografija-2\/","title":{"rendered":"A5 Postcard with A. Ingelevi\u010dius Photographs"},"content":{"rendered":"<p>A5 Format Postcard with the Photograph of A. Ingelevi\u010dius.<\/p>\n<p>Please specify the desired Postcard in the 'Remarks' field of the order.<\/p>\n<p>&nbsp;<\/p>\n<p>The Right to Publish these Photographs and their Negatives belongs to the National Museum of Lithuania.<\/p>\n<p>The purchase of a photograph does not grant the right to reproduce it or use it for similar purposes without the written permission of the National Museum of Lithuania.<\/p>\n<p>\u00a9 National Museum of Lithuania<\/p>\n<p>&nbsp;<\/p>\n<ol>\n<li>Nemunas embankment. Kaunas, around 1925, Photographer Antanas Ingelevi\u010dius, ENeg 1719<\/li>\n<li>Winter entertainment on Alt\u0173 (now V. Mykolaichi-Putin) street. Kaunas, around 1930, Above - the stairs to \u017daliakalnis (the future Stasis Kudok's stairs), Photographer Antanas Ingelevi\u010dius, ENeg 1736<\/li>\n<li>Workshops and storerooms in the courtyards of P. Luk\u0161ios (now Gertrudas) street. Kaunas, 1925\u20131930, in the background - houses on Mal\u016bnai (now A. Mackevi\u010dius) street, Photographer Antanas Ingelevi\u010dius, ENeg 1737<\/li>\n<li>Antanas Ingelevi\u010dius' desk. 1925, Photographer Antanas Ingelevi\u010dius, ENeg 1874<\/li>\n<li><em>From the beach.<\/em>\u00a0Santaka beach in Kaunas, around 1925, Photographer Antanas Ingelevi\u010dius, ENeg 2297<\/li>\n<li><em>Newsstand.<\/em>\u00a0Kaunas, 1926, Photographer Antanas Ingelevi\u010dius, ENeg 1768<\/li>\n<li>Kaunas old marketplace (rinka). Around 1925, Photographer Antanas Ingelevi\u010dius, ENeg 1988<\/li>\n<li><em>Brazilka<\/em>, takas link Neries. Kaunas, 1925\u20131930 m., Fotografas Antanas Ingelevi\u010dius, ENeg 2345<\/li>\n<\/ol>","protected":false},"excerpt":{"rendered":"<p>A5 formato atvirukas su A. Ingelevi\u010diaus fotografija. Jums atlikus u\u017esakym\u0105,  [&#8230;]<\/p>\n","protected":false},"featured_media":1309,"template":"","meta":{"_acf_changed":false,"inline_featured_image":false},"product_brand":[],"product_cat":[117,20],"product_tag":[156,154,155],"class_list":{"0":"post-1308","1":"product","2":"type-product","3":"status-publish","4":"has-post-thumbnail","6":"product_cat-atvirukai","7":"product_cat-dovanos-suvenyrai","8":"product_tag-antanas-ingelevicius","9":"product_tag-fotografijos","10":"product_tag-nuotraukos","12":"first","13":"outofstock","14":"taxable","15":"shipping-taxable","16":"purchasable","17":"product-type-simple"},"acf":[],"_links":{"self":[{"href":"https:\/\/testlnm.lt\/en\/wp-json\/wp\/v2\/product\/1308","targetHints":{"allow":["GET"]}}],"collection":[{"href":"https:\/\/testlnm.lt\/en\/wp-json\/wp\/v2\/product"}],"about":[{"href":"https:\/\/testlnm.lt\/en\/wp-json\/wp\/v2\/types\/product"}],"wp:featuredmedia":[{"embeddable":true,"href":"https:\/\/testlnm.lt\/en\/wp-json\/wp\/v2\/media\/1309"}],"wp:attachment":[{"href":"https:\/\/testlnm.lt\/en\/wp-json\/wp\/v2\/media?parent=1308"}],"wp:term":[{"taxonomy":"product_brand","embeddable":true,"href":"https:\/\/testlnm.lt\/en\/wp-json\/wp\/v2\/product_brand?post=1308"},{"taxonomy":"product_cat","embeddable":true,"href":"https:\/\/testlnm.lt\/en\/wp-json\/wp\/v2\/product_cat?post=1308"},{"taxonomy":"product_tag","embeddable":true,"href":"https:\/\/testlnm.lt\/en\/wp-json\/wp\/v2\/product_tag?post=1308"}],"curies":[{"name":"wp","href":"https:\/\/api.w.org\/{rel}","templated":true}]}}