{"id":1312,"date":"2022-10-10T09:03:55","date_gmt":"2022-10-10T06:03:55","guid":{"rendered":"https:\/\/testlnm.lt\/?post_type=product&#038;p=1312"},"modified":"2026-04-17T09:20:54","modified_gmt":"2026-04-17T06:20:54","slug":"atvirukas-su-a-ingeleviciaus-fotografija","status":"publish","type":"product","link":"https:\/\/testlnm.lt\/en\/product\/atvirukas-su-a-ingeleviciaus-fotografija\/","title":{"rendered":"A6 Postcard with A. Ingelevi\u010dius Photographs"},"content":{"rendered":"<p>A6 Format Postcard with the Photograph of A. Ingelevi\u010dius.<\/p>\n<p>Please specify the desired Postcard in the 'Remarks' field of the order.<\/p>\n<p>&nbsp;<\/p>\n<p>The Right to Publish these Photographs and their Negatives belongs to the National Museum of Lithuania.<\/p>\n<p>The purchase of a photograph does not grant the right to reproduce it or use it for similar purposes without the written permission of the National Museum of Lithuania.<\/p>\n<p>\u00a9 National Museum of Lithuania<\/p>\n<p>&nbsp;<\/p>\n<ol>\n<li>Light. 1925\u20131930, Photographer Antanas Ingelevi\u010dius, ENeg 1648<\/li>\n<li>Wooden Kaunas yard. 1925\u20131930, Photographer Antanas Ingelevi\u010dius, ENeg 1699<\/li>\n<li>Childhood. Kaunas, 1925\u20131930, Photographer Antanas Ingelevi\u010dius, ENeg 1702<\/li>\n<li>Nemunas embankment. Kaunas, around 1925, Photographer Antanas Ingelevi\u010dius, ENeg 1719<\/li>\n<li>Vilniaus street yard. Kaunas, 1925\u20131930, Photographer Antanas Ingelevi\u010dius, ENeg 1748<\/li>\n<li><em>Newsstand.<\/em>\u00a0Kaunas, 1926, Photographer Antanas Ingelevi\u010dius, ENeg 1768<\/li>\n<li>Morning in Kaunas. 1925\u20131930, Photographer Antanas Ingelevi\u010dius, ENeg 1770<\/li>\n<li>Olga Albertina Ingelevi\u010dien\u0117. Around 1930, Photographer Antanas Ingelevi\u010dius, ENeg 1938<\/li>\n<li>Kaunas old marketplace (rinka). Around 1925, Photographer Antanas Ingelevi\u010dius, ENeg 1988<\/li>\n<li><em>Yellow cat.<\/em>\u00a0Kaunas, 1925\u20131930, Photographer Antanas Ingelevi\u010dius, ENeg 2299<\/li>\n<li>Residential house on P. Luk\u0161ios (now St. Gertrudas) street near St. Nicholas Church. Kaunas, 1925\u20131930, Photographer Antanas Ingelevi\u010dius, ENeg 2343<\/li>\n<li>Nemunas embankment. Kaunas, 20th century 30s, Photographer Antanas Ingelevi\u010dius, ENeg 2349<\/li>\n<li>Vilniaus street yard. Kaunas, 1925\u20131930, Photographer Antanas Ingelevi\u010dius, ENeg 2354<\/li>\n<li>Mapu street towards P. Luk\u0161ios (now St. Gertruda) street. Kaunas, 20th century 30s, Photographer Antanas Ingelevi\u010dius, ENeg 2361<\/li>\n<li>Benedictine street. Kaunas, 1925\u20131930, Photographer Antanas Ingelevi\u010dius, ENeg 2384<\/li>\n<li>A woman with laundry on Smalininkai Street is returning from Nemunas. Kaunas, 1925\u20131930, Photographer Antanas Ingelevi\u010dius, ENeg 2385<\/li>\n<\/ol>","protected":false},"excerpt":{"rendered":"<p>A6 formato atvirukas su A. Ingelevi\u010diaus fotografija. Jums atlikus u\u017esakym\u0105,  [&#8230;]<\/p>\n","protected":false},"featured_media":1338,"template":"","meta":{"_acf_changed":false,"inline_featured_image":false},"product_brand":[],"product_cat":[117,20],"product_tag":[156,154,155],"class_list":{"0":"post-1312","1":"product","2":"type-product","3":"status-publish","4":"has-post-thumbnail","6":"product_cat-atvirukai","7":"product_cat-dovanos-suvenyrai","8":"product_tag-antanas-ingelevicius","9":"product_tag-fotografijos","10":"product_tag-nuotraukos","12":"first","13":"outofstock","14":"taxable","15":"shipping-taxable","16":"purchasable","17":"product-type-simple"},"acf":[],"_links":{"self":[{"href":"https:\/\/testlnm.lt\/en\/wp-json\/wp\/v2\/product\/1312","targetHints":{"allow":["GET"]}}],"collection":[{"href":"https:\/\/testlnm.lt\/en\/wp-json\/wp\/v2\/product"}],"about":[{"href":"https:\/\/testlnm.lt\/en\/wp-json\/wp\/v2\/types\/product"}],"wp:featuredmedia":[{"embeddable":true,"href":"https:\/\/testlnm.lt\/en\/wp-json\/wp\/v2\/media\/1338"}],"wp:attachment":[{"href":"https:\/\/testlnm.lt\/en\/wp-json\/wp\/v2\/media?parent=1312"}],"wp:term":[{"taxonomy":"product_brand","embeddable":true,"href":"https:\/\/testlnm.lt\/en\/wp-json\/wp\/v2\/product_brand?post=1312"},{"taxonomy":"product_cat","embeddable":true,"href":"https:\/\/testlnm.lt\/en\/wp-json\/wp\/v2\/product_cat?post=1312"},{"taxonomy":"product_tag","embeddable":true,"href":"https:\/\/testlnm.lt\/en\/wp-json\/wp\/v2\/product_tag?post=1312"}],"curies":[{"name":"wp","href":"https:\/\/api.w.org\/{rel}","templated":true}]}}