{"id":1544,"date":"2023-02-21T09:29:02","date_gmt":"2023-02-21T07:29:02","guid":{"rendered":"https:\/\/testlnm.lt\/?post_type=product&#038;p=1544"},"modified":"2026-04-17T09:20:53","modified_gmt":"2026-04-17T06:20:53","slug":"kazys-varnelis-2","status":"publish","type":"product","link":"https:\/\/testlnm.lt\/en\/product\/kazys-varnelis-2\/","title":{"rendered":"Kazys Varnelis"},"content":{"rendered":"<p>Kazys Varnelis is a multifaceted and unique personality. An artist and aesthete by nature, a representative of Chicago modern art, a master of optical compositions \u2013 his works are kept in the Guggenheim Museum in New York, the Museum of Contemporary Art in Chicago, the Art Institute of Chicago, other museums in the United States, the Budapest Museum of Art, and the collections of Lithuanian art museums.<br \/>\nHaving spent the most creative decades of his life abroad, K. Varnelis returned, significantly adding to the chapter of optical art, minimalism and constructivism in the history of Lithuanian art. Lithuania will forever be grateful for the large collection of works donated and other collections accumulated throughout his life, including values \u200b\u200brelated to Lithuanian history and culture, cartography and bibliophile rarities, European and Asian cultural artifacts, and unique examples of applied art. The Kazys Varnelis House-Museum was established in 2001. The exhibition created by the artist and collector invites you to a cozy and stylish home, where there are many universal cultural signs and knowledge, harmoniously matching furniture of different eras and styles, works of art, as well as paintings and sculptures by the artist himself.<br \/>\nThis publication will help to better understand the work of Kazys Varnelis and will encourage the presentation of the artist's works outside Lithuania.<\/p>","protected":false},"excerpt":{"rendered":"<p>Vilnius, 2022. 336 p., lietuvi\u0173 k., angl\u0173 k. ISBN 978-609-478-067-7<\/p>\n<p>Sudarytoja Daiva Vai\u0161nien\u0117. Tekst\u0173 autoriai Giedr\u0117 Jankevi\u010di\u016bt\u0117, \u017dydr\u016bnas Mirinavi\u010dius, Laura Petrauskait\u0117, Indr\u0117 Urbelyt\u0117, Kazys Varnelis. Dailinink\u0117 Vida Kurait\u0117<\/p>","protected":false},"featured_media":1545,"template":"","meta":{"_acf_changed":false,"inline_featured_image":false},"product_brand":[],"product_cat":[24,19,74,147],"product_tag":[85],"class_list":{"0":"post-1544","1":"product","2":"type-product","3":"status-publish","4":"has-post-thumbnail","6":"product_cat-kolekciju-rinkiniai","7":"product_cat-leidiniai","8":"product_cat-menas-architektura","9":"product_cat-naujausi-leidiniai","10":"product_tag-kazys-varnelis","12":"first","13":"instock","14":"taxable","15":"shipping-taxable","16":"purchasable","17":"product-type-simple"},"acf":[],"_links":{"self":[{"href":"https:\/\/testlnm.lt\/en\/wp-json\/wp\/v2\/product\/1544","targetHints":{"allow":["GET"]}}],"collection":[{"href":"https:\/\/testlnm.lt\/en\/wp-json\/wp\/v2\/product"}],"about":[{"href":"https:\/\/testlnm.lt\/en\/wp-json\/wp\/v2\/types\/product"}],"wp:featuredmedia":[{"embeddable":true,"href":"https:\/\/testlnm.lt\/en\/wp-json\/wp\/v2\/media\/1545"}],"wp:attachment":[{"href":"https:\/\/testlnm.lt\/en\/wp-json\/wp\/v2\/media?parent=1544"}],"wp:term":[{"taxonomy":"product_brand","embeddable":true,"href":"https:\/\/testlnm.lt\/en\/wp-json\/wp\/v2\/product_brand?post=1544"},{"taxonomy":"product_cat","embeddable":true,"href":"https:\/\/testlnm.lt\/en\/wp-json\/wp\/v2\/product_cat?post=1544"},{"taxonomy":"product_tag","embeddable":true,"href":"https:\/\/testlnm.lt\/en\/wp-json\/wp\/v2\/product_tag?post=1544"}],"curies":[{"name":"wp","href":"https:\/\/api.w.org\/{rel}","templated":true}]}}