{"id":1713,"date":"2023-05-19T16:07:33","date_gmt":"2023-05-19T13:07:33","guid":{"rendered":"https:\/\/testlnm.lt\/?post_type=product&#038;p=1713"},"modified":"2026-04-01T11:44:33","modified_gmt":"2026-04-01T08:44:33","slug":"kepure-paviljonas","status":"publish","type":"product","link":"https:\/\/testlnm.lt\/en\/product\/kepure-paviljonas\/","title":{"rendered":"'Paviljonas' Cap"},"content":{"rendered":"<p>Black Cotton Cap created for the Exhibition 'Pavilion: Vilnius 200 Years Ago'.<\/p>","protected":false},"excerpt":{"rendered":"<p>Medvilnin\u0117 juodos spalvos kepur\u0117, sukurta ekspozici\u0173 erdvei &#8211; Paviljonas \u201eVilnius  [&#8230;]<\/p>\n","protected":false},"featured_media":1762,"template":"","meta":{"_acf_changed":false,"inline_featured_image":false},"product_brand":[],"product_cat":[20,174],"product_tag":[],"class_list":{"0":"post-1713","1":"product","2":"type-product","3":"status-publish","4":"has-post-thumbnail","6":"product_cat-dovanos-suvenyrai","7":"product_cat-naujienos","9":"first","10":"instock","11":"taxable","12":"shipping-taxable","13":"purchasable","14":"product-type-simple"},"acf":[],"_links":{"self":[{"href":"https:\/\/testlnm.lt\/en\/wp-json\/wp\/v2\/product\/1713","targetHints":{"allow":["GET"]}}],"collection":[{"href":"https:\/\/testlnm.lt\/en\/wp-json\/wp\/v2\/product"}],"about":[{"href":"https:\/\/testlnm.lt\/en\/wp-json\/wp\/v2\/types\/product"}],"wp:featuredmedia":[{"embeddable":true,"href":"https:\/\/testlnm.lt\/en\/wp-json\/wp\/v2\/media\/1762"}],"wp:attachment":[{"href":"https:\/\/testlnm.lt\/en\/wp-json\/wp\/v2\/media?parent=1713"}],"wp:term":[{"taxonomy":"product_brand","embeddable":true,"href":"https:\/\/testlnm.lt\/en\/wp-json\/wp\/v2\/product_brand?post=1713"},{"taxonomy":"product_cat","embeddable":true,"href":"https:\/\/testlnm.lt\/en\/wp-json\/wp\/v2\/product_cat?post=1713"},{"taxonomy":"product_tag","embeddable":true,"href":"https:\/\/testlnm.lt\/en\/wp-json\/wp\/v2\/product_tag?post=1713"}],"curies":[{"name":"wp","href":"https:\/\/api.w.org\/{rel}","templated":true}]}}