{"id":1885,"date":"2023-09-18T09:26:22","date_gmt":"2023-09-18T06:26:22","guid":{"rendered":"https:\/\/testlnm.lt\/?post_type=product&#038;p=1885"},"modified":"2026-04-17T09:20:51","modified_gmt":"2026-04-17T06:20:51","slug":"atvirutes-neisspresta-kompozicija","status":"publish","type":"product","link":"https:\/\/testlnm.lt\/en\/product\/atvirutes-neisspresta-kompozicija\/","title":{"rendered":"'Unresolved Composition. The Second World War in Soviet Lithuanian Art' Exhibition Postcard"},"content":{"rendered":"<p>'Unresolved Composition. The Second World War in Soviet Lithuanian Art' Exhibition Postcard.<br \/>\nDesigner - Erikas Siliuk.<br \/>\nFormat A5.<\/p>\n<p class=\"translation-block\">Postcards:<br>\n1. <em>Pra\u0161ome palaukti, 2023<\/em>, photo: Norbert Tukaj.<br>\n2. <em><del datetime=\"2023-09-18T06:26:25+00:00\">Brang\u016bs draugai<\/del>, 2023<\/em>, Students of the Vilnius Art Institute during their diploma work (1950), Special Archive of Lithuania.<br>\n3. <em>Buvo-Mat\u0117, 2023<\/em>, photo: Marius Baranauskas (1967), \nCentral State Archive of Lithuania.<br>\n4. <em>Konsensusas!?!?, 2023<\/em>, photo:  Saulius \u017di\u016bra.<\/p>","protected":false},"excerpt":{"rendered":"<p>LNM parodai &#8222;Nei\u0161spr\u0119sta kompozicija. Antrasis pasaulinis karas soviet\u0173 Lietuvos dail\u0117je\u201c  [&#8230;]<\/p>\n","protected":false},"featured_media":1894,"template":"","meta":{"_acf_changed":false,"inline_featured_image":false},"product_brand":[],"product_cat":[117,20,174],"product_tag":[],"class_list":{"0":"post-1885","1":"product","2":"type-product","3":"status-publish","4":"has-post-thumbnail","6":"product_cat-atvirukai","7":"product_cat-dovanos-suvenyrai","8":"product_cat-naujienos","10":"first","11":"outofstock","12":"taxable","13":"shipping-taxable","14":"purchasable","15":"product-type-variable"},"acf":[],"_links":{"self":[{"href":"https:\/\/testlnm.lt\/en\/wp-json\/wp\/v2\/product\/1885","targetHints":{"allow":["GET"]}}],"collection":[{"href":"https:\/\/testlnm.lt\/en\/wp-json\/wp\/v2\/product"}],"about":[{"href":"https:\/\/testlnm.lt\/en\/wp-json\/wp\/v2\/types\/product"}],"wp:featuredmedia":[{"embeddable":true,"href":"https:\/\/testlnm.lt\/en\/wp-json\/wp\/v2\/media\/1894"}],"wp:attachment":[{"href":"https:\/\/testlnm.lt\/en\/wp-json\/wp\/v2\/media?parent=1885"}],"wp:term":[{"taxonomy":"product_brand","embeddable":true,"href":"https:\/\/testlnm.lt\/en\/wp-json\/wp\/v2\/product_brand?post=1885"},{"taxonomy":"product_cat","embeddable":true,"href":"https:\/\/testlnm.lt\/en\/wp-json\/wp\/v2\/product_cat?post=1885"},{"taxonomy":"product_tag","embeddable":true,"href":"https:\/\/testlnm.lt\/en\/wp-json\/wp\/v2\/product_tag?post=1885"}],"curies":[{"name":"wp","href":"https:\/\/api.w.org\/{rel}","templated":true}]}}