{"id":1951,"date":"2023-10-02T13:43:51","date_gmt":"2023-10-02T10:43:51","guid":{"rendered":"https:\/\/testlnm.lt\/?post_type=product&#038;p=1951"},"modified":"2026-04-01T11:44:32","modified_gmt":"2026-04-01T08:44:32","slug":"magnetukas-tiketi-ar-netiketi-samokslo-teorijos","status":"publish","type":"product","link":"https:\/\/testlnm.lt\/en\/product\/magnetukas-tiketi-ar-netiketi-samokslo-teorijos\/","title":{"rendered":"'To Believe or Not to Believe: Conspiracy Theories' Magnet"},"content":{"rendered":"<p>'To Believe or Not to Believe: Conspiracy Theories' Exhibition Postcards. Two types available: Eye of the Masons; Leptinotarsa decemlineata.<\/p>","protected":false},"excerpt":{"rendered":"<p>LNM parodai \u201eTik\u0117ti ar netik\u0117ti: s\u0105mokslo teorijos&#8221; skirti teminiai magnetukai.  [&#8230;]<\/p>\n","protected":false},"featured_media":1960,"template":"","meta":{"_acf_changed":false,"inline_featured_image":false},"product_brand":[],"product_cat":[20,174],"product_tag":[],"class_list":{"0":"post-1951","1":"product","2":"type-product","3":"status-publish","4":"has-post-thumbnail","6":"product_cat-dovanos-suvenyrai","7":"product_cat-naujienos","9":"first","10":"instock","11":"taxable","12":"shipping-taxable","13":"purchasable","14":"product-type-variable"},"acf":[],"_links":{"self":[{"href":"https:\/\/testlnm.lt\/en\/wp-json\/wp\/v2\/product\/1951","targetHints":{"allow":["GET"]}}],"collection":[{"href":"https:\/\/testlnm.lt\/en\/wp-json\/wp\/v2\/product"}],"about":[{"href":"https:\/\/testlnm.lt\/en\/wp-json\/wp\/v2\/types\/product"}],"wp:featuredmedia":[{"embeddable":true,"href":"https:\/\/testlnm.lt\/en\/wp-json\/wp\/v2\/media\/1960"}],"wp:attachment":[{"href":"https:\/\/testlnm.lt\/en\/wp-json\/wp\/v2\/media?parent=1951"}],"wp:term":[{"taxonomy":"product_brand","embeddable":true,"href":"https:\/\/testlnm.lt\/en\/wp-json\/wp\/v2\/product_brand?post=1951"},{"taxonomy":"product_cat","embeddable":true,"href":"https:\/\/testlnm.lt\/en\/wp-json\/wp\/v2\/product_cat?post=1951"},{"taxonomy":"product_tag","embeddable":true,"href":"https:\/\/testlnm.lt\/en\/wp-json\/wp\/v2\/product_tag?post=1951"}],"curies":[{"name":"wp","href":"https:\/\/api.w.org\/{rel}","templated":true}]}}