{"id":1963,"date":"2023-10-02T14:10:15","date_gmt":"2023-10-02T11:10:15","guid":{"rendered":"https:\/\/testlnm.lt\/?post_type=product&#038;p=1963"},"modified":"2026-04-17T09:20:51","modified_gmt":"2026-04-17T06:20:51","slug":"atvirukas-tiketi-ar-netiketi-samokslo-teorijos","status":"publish","type":"product","link":"https:\/\/testlnm.lt\/en\/product\/atvirukas-tiketi-ar-netiketi-samokslo-teorijos\/","title":{"rendered":"'To Believe or Not to Believe: Conspiracy Theories' Exhibition Postcard"},"content":{"rendered":"<p>'To Believe or Not to Believe: Conspiracy Theories' Exhibition Postcards. Two types available.<\/p>","protected":false},"excerpt":{"rendered":"<p>LNM parodai \u201eTik\u0117ti ar netik\u0117ti: s\u0105mokslo teorijos&#8221; skirti teminiai atvirukai,  [&#8230;]<\/p>\n","protected":false},"featured_media":1956,"template":"","meta":{"_acf_changed":false,"inline_featured_image":false},"product_brand":[],"product_cat":[117,20,174],"product_tag":[],"class_list":{"0":"post-1963","1":"product","2":"type-product","3":"status-publish","4":"has-post-thumbnail","6":"product_cat-atvirukai","7":"product_cat-dovanos-suvenyrai","8":"product_cat-naujienos","10":"first","11":"instock","12":"taxable","13":"shipping-taxable","14":"purchasable","15":"product-type-variable"},"acf":[],"_links":{"self":[{"href":"https:\/\/testlnm.lt\/en\/wp-json\/wp\/v2\/product\/1963","targetHints":{"allow":["GET"]}}],"collection":[{"href":"https:\/\/testlnm.lt\/en\/wp-json\/wp\/v2\/product"}],"about":[{"href":"https:\/\/testlnm.lt\/en\/wp-json\/wp\/v2\/types\/product"}],"wp:featuredmedia":[{"embeddable":true,"href":"https:\/\/testlnm.lt\/en\/wp-json\/wp\/v2\/media\/1956"}],"wp:attachment":[{"href":"https:\/\/testlnm.lt\/en\/wp-json\/wp\/v2\/media?parent=1963"}],"wp:term":[{"taxonomy":"product_brand","embeddable":true,"href":"https:\/\/testlnm.lt\/en\/wp-json\/wp\/v2\/product_brand?post=1963"},{"taxonomy":"product_cat","embeddable":true,"href":"https:\/\/testlnm.lt\/en\/wp-json\/wp\/v2\/product_cat?post=1963"},{"taxonomy":"product_tag","embeddable":true,"href":"https:\/\/testlnm.lt\/en\/wp-json\/wp\/v2\/product_tag?post=1963"}],"curies":[{"name":"wp","href":"https:\/\/api.w.org\/{rel}","templated":true}]}}