{"id":1966,"date":"2023-10-02T14:21:44","date_gmt":"2023-10-02T11:21:44","guid":{"rendered":"https:\/\/testlnm.lt\/?post_type=product&#038;p=1966"},"modified":"2026-04-17T09:20:50","modified_gmt":"2026-04-17T06:20:50","slug":"uzrasu-knygele-tiketi-ar-netiketi-samokslo-teorijos","status":"publish","type":"product","link":"https:\/\/testlnm.lt\/en\/product\/uzrasu-knygele-tiketi-ar-netiketi-samokslo-teorijos\/","title":{"rendered":"'To Believe or Not to Believe: Conspiracy Theories' Exhibition Notebook"},"content":{"rendered":"<p>'To Believe or Not to Believe: Conspiracy Theories' Exhibition Notebook.<br \/>\nLined pages.<\/p>","protected":false},"excerpt":{"rendered":"<p>LNM parodai \u201eTik\u0117ti ar netik\u0117ti: s\u0105mokslo teorijos&#8221; sukurta u\u017era\u0161in\u0117 &#8211;  [&#8230;]<\/p>\n","protected":false},"featured_media":1954,"template":"","meta":{"_acf_changed":false,"inline_featured_image":false},"product_brand":[],"product_cat":[20,174],"product_tag":[],"class_list":{"0":"post-1966","1":"product","2":"type-product","3":"status-publish","4":"has-post-thumbnail","6":"product_cat-dovanos-suvenyrai","7":"product_cat-naujienos","9":"first","10":"instock","11":"taxable","12":"shipping-taxable","13":"purchasable","14":"product-type-simple"},"acf":[],"_links":{"self":[{"href":"https:\/\/testlnm.lt\/en\/wp-json\/wp\/v2\/product\/1966","targetHints":{"allow":["GET"]}}],"collection":[{"href":"https:\/\/testlnm.lt\/en\/wp-json\/wp\/v2\/product"}],"about":[{"href":"https:\/\/testlnm.lt\/en\/wp-json\/wp\/v2\/types\/product"}],"wp:featuredmedia":[{"embeddable":true,"href":"https:\/\/testlnm.lt\/en\/wp-json\/wp\/v2\/media\/1954"}],"wp:attachment":[{"href":"https:\/\/testlnm.lt\/en\/wp-json\/wp\/v2\/media?parent=1966"}],"wp:term":[{"taxonomy":"product_brand","embeddable":true,"href":"https:\/\/testlnm.lt\/en\/wp-json\/wp\/v2\/product_brand?post=1966"},{"taxonomy":"product_cat","embeddable":true,"href":"https:\/\/testlnm.lt\/en\/wp-json\/wp\/v2\/product_cat?post=1966"},{"taxonomy":"product_tag","embeddable":true,"href":"https:\/\/testlnm.lt\/en\/wp-json\/wp\/v2\/product_tag?post=1966"}],"curies":[{"name":"wp","href":"https:\/\/api.w.org\/{rel}","templated":true}]}}