{"id":2076,"date":"2023-11-28T14:10:37","date_gmt":"2023-11-28T12:10:37","guid":{"rendered":"https:\/\/testlnm.lt\/?post_type=product&#038;p=2076"},"modified":"2026-04-17T09:20:50","modified_gmt":"2026-04-17T06:20:50","slug":"a-worldwide-lithuania-our-migration-story-exhibition-catalogue","status":"publish","type":"product","link":"https:\/\/testlnm.lt\/en\/product\/a-worldwide-lithuania-our-migration-story-exhibition-catalogue\/","title":{"rendered":"A Worldwide Lithuania: Our Migration Story. Exhibition Catalogue"},"content":{"rendered":"<p>Catalogue of an exhibition \u201cA Worldwide Lithuania: Our Migration Story\u201d invites you to travel together, across different eras and different continents, with the heroes who have left Lithuania and those who have come to live here. It will help you understand why people choose to leave their native land, what circumstances they leave behind and what environment they arrive in, the challenges and trials they encounter along the way, how migration changes people, and how, by changing, they themselves transform Lithuania and the world.<\/p>\n<p>\u201cA Worldwide Lithuania: Our Migration Story\u201d is the first comprehensive exhibition devoted to the history of Lithuanian migration.<\/p>","protected":false},"excerpt":{"rendered":"<p>Compiled by Giedr\u0117 Mileryt\u0117-Japertien\u0117, translated by Darius Su\u017eied\u0117lis.<br \/>\nVilnius, 2023, 176 p., English, ISBN 978-609-478-072-1.<\/p>","protected":false},"featured_media":2077,"template":"","meta":{"_acf_changed":false,"inline_featured_image":false},"product_brand":[],"product_cat":[23,19,183,147,174,72],"product_tag":[],"class_list":{"0":"post-2076","1":"product","2":"type-product","3":"status-publish","4":"has-post-thumbnail","6":"product_cat-istorija","7":"product_cat-leidiniai","8":"product_cat-leidiniai-anglu-kalba","9":"product_cat-naujausi-leidiniai","10":"product_cat-naujienos","11":"product_cat-parodu-katalogai-ir-kspoziciju-vadovai","13":"first","14":"instock","15":"taxable","16":"shipping-taxable","17":"purchasable","18":"product-type-simple"},"acf":[],"_links":{"self":[{"href":"https:\/\/testlnm.lt\/en\/wp-json\/wp\/v2\/product\/2076","targetHints":{"allow":["GET"]}}],"collection":[{"href":"https:\/\/testlnm.lt\/en\/wp-json\/wp\/v2\/product"}],"about":[{"href":"https:\/\/testlnm.lt\/en\/wp-json\/wp\/v2\/types\/product"}],"wp:featuredmedia":[{"embeddable":true,"href":"https:\/\/testlnm.lt\/en\/wp-json\/wp\/v2\/media\/2077"}],"wp:attachment":[{"href":"https:\/\/testlnm.lt\/en\/wp-json\/wp\/v2\/media?parent=2076"}],"wp:term":[{"taxonomy":"product_brand","embeddable":true,"href":"https:\/\/testlnm.lt\/en\/wp-json\/wp\/v2\/product_brand?post=2076"},{"taxonomy":"product_cat","embeddable":true,"href":"https:\/\/testlnm.lt\/en\/wp-json\/wp\/v2\/product_cat?post=2076"},{"taxonomy":"product_tag","embeddable":true,"href":"https:\/\/testlnm.lt\/en\/wp-json\/wp\/v2\/product_tag?post=2076"}],"curies":[{"name":"wp","href":"https:\/\/api.w.org\/{rel}","templated":true}]}}