{"id":2147,"date":"2024-01-12T13:51:08","date_gmt":"2024-01-12T11:51:08","guid":{"rendered":"https:\/\/testlnm.lt\/?post_type=product&#038;p=2147"},"modified":"2026-04-01T11:44:31","modified_gmt":"2026-04-01T08:44:31","slug":"magnetinis-knygu-skirtukas-pasaulio-dydzio-lietuva","status":"publish","type":"product","link":"https:\/\/testlnm.lt\/en\/product\/magnetinis-knygu-skirtukas-pasaulio-dydzio-lietuva\/","title":{"rendered":"'A Worldwide Lithuania\" Magnetic Bookmark"},"content":{"rendered":"<p>'A Worldwide Lithuania. Our Migration Story' Exhibition Magnetic Bookmark.<\/p>","protected":false},"excerpt":{"rendered":"<p>Magnetinis knyg\u0173 skirtukas, dedikuotas parodai \u201ePasaulio dyd\u017eio Lietuva. M\u016bs\u0173 migracijos  [&#8230;]<\/p>\n","protected":false},"featured_media":2150,"template":"","meta":{"_acf_changed":false,"inline_featured_image":false},"product_brand":[],"product_cat":[20,174],"product_tag":[],"class_list":{"0":"post-2147","1":"product","2":"type-product","3":"status-publish","4":"has-post-thumbnail","6":"product_cat-dovanos-suvenyrai","7":"product_cat-naujienos","9":"first","10":"instock","11":"taxable","12":"shipping-taxable","13":"purchasable","14":"product-type-simple"},"acf":[],"_links":{"self":[{"href":"https:\/\/testlnm.lt\/en\/wp-json\/wp\/v2\/product\/2147","targetHints":{"allow":["GET"]}}],"collection":[{"href":"https:\/\/testlnm.lt\/en\/wp-json\/wp\/v2\/product"}],"about":[{"href":"https:\/\/testlnm.lt\/en\/wp-json\/wp\/v2\/types\/product"}],"wp:featuredmedia":[{"embeddable":true,"href":"https:\/\/testlnm.lt\/en\/wp-json\/wp\/v2\/media\/2150"}],"wp:attachment":[{"href":"https:\/\/testlnm.lt\/en\/wp-json\/wp\/v2\/media?parent=2147"}],"wp:term":[{"taxonomy":"product_brand","embeddable":true,"href":"https:\/\/testlnm.lt\/en\/wp-json\/wp\/v2\/product_brand?post=2147"},{"taxonomy":"product_cat","embeddable":true,"href":"https:\/\/testlnm.lt\/en\/wp-json\/wp\/v2\/product_cat?post=2147"},{"taxonomy":"product_tag","embeddable":true,"href":"https:\/\/testlnm.lt\/en\/wp-json\/wp\/v2\/product_tag?post=2147"}],"curies":[{"name":"wp","href":"https:\/\/api.w.org\/{rel}","templated":true}]}}