{"id":2208,"date":"2024-01-30T17:17:49","date_gmt":"2024-01-30T15:17:49","guid":{"rendered":"https:\/\/testlnm.lt\/?post_type=product&#038;p=2208"},"modified":"2026-04-17T09:20:49","modified_gmt":"2026-04-17T06:20:49","slug":"7-vilniaus-raktai-arba-kaip-gelezinis-vilkas-ir-baziliskas-vilniu-gelbejo","status":"publish","type":"product","link":"https:\/\/testlnm.lt\/en\/product\/7-vilniaus-raktai-arba-kaip-gelezinis-vilkas-ir-baziliskas-vilniu-gelbejo\/","title":{"rendered":"The 7 Keys of Vilnius or How the Iron Wolf and the Basilisk saved Vilnius"},"content":{"rendered":"<p>It is a children's story about friendship, home and cherishing and protecting true values. In this educational book, children will not only get to know the two mythical heroes of Vilnius, the Iron Wolf and the Basilisk, but also become their companions and take part in their adventures. By performing various tasks, solving puzzles and riddles, readers will help the two friends to save Vilnius and find the seven keys that have been important for the capital of Lithuania for centuries.<\/p>\n<p>Publication authors: R\u016bta Tolka\u010devskien\u0117 and Gyt\u0117 \u0160imien\u0117. Illustrator: Beata Gasiulyt\u0117.<\/p>\n<p>Publication funded by the Lithuanian Council for Culture.<\/p>","protected":false},"excerpt":{"rendered":"<p>Vilnius, 2023, 48 p., Lithuanian ISBN 978-609-478-075-2<\/p>\n<p>Publication authors: R\u016bta Tolka\u010devskien\u0117 and Gyt\u0117 \u0160imien\u0117.<\/p>","protected":false},"featured_media":2209,"template":"","meta":{"_acf_changed":false,"inline_featured_image":false},"product_brand":[],"product_cat":[25,23,73,19,147,174,21],"product_tag":[],"class_list":{"0":"post-2208","1":"product","2":"type-product","3":"status-publish","4":"has-post-thumbnail","6":"product_cat-apie-vilniu","7":"product_cat-istorija","8":"product_cat-kiti-leidiniai","9":"product_cat-leidiniai","10":"product_cat-naujausi-leidiniai","11":"product_cat-naujienos","12":"product_cat-vaikams","14":"first","15":"instock","16":"taxable","17":"shipping-taxable","18":"purchasable","19":"product-type-simple"},"acf":[],"_links":{"self":[{"href":"https:\/\/testlnm.lt\/en\/wp-json\/wp\/v2\/product\/2208","targetHints":{"allow":["GET"]}}],"collection":[{"href":"https:\/\/testlnm.lt\/en\/wp-json\/wp\/v2\/product"}],"about":[{"href":"https:\/\/testlnm.lt\/en\/wp-json\/wp\/v2\/types\/product"}],"wp:featuredmedia":[{"embeddable":true,"href":"https:\/\/testlnm.lt\/en\/wp-json\/wp\/v2\/media\/2209"}],"wp:attachment":[{"href":"https:\/\/testlnm.lt\/en\/wp-json\/wp\/v2\/media?parent=2208"}],"wp:term":[{"taxonomy":"product_brand","embeddable":true,"href":"https:\/\/testlnm.lt\/en\/wp-json\/wp\/v2\/product_brand?post=2208"},{"taxonomy":"product_cat","embeddable":true,"href":"https:\/\/testlnm.lt\/en\/wp-json\/wp\/v2\/product_cat?post=2208"},{"taxonomy":"product_tag","embeddable":true,"href":"https:\/\/testlnm.lt\/en\/wp-json\/wp\/v2\/product_tag?post=2208"}],"curies":[{"name":"wp","href":"https:\/\/api.w.org\/{rel}","templated":true}]}}