{"id":2426,"date":"2024-02-29T17:29:25","date_gmt":"2024-02-29T15:29:25","guid":{"rendered":"https:\/\/testlnm.lt\/?post_type=product&#038;p=2426"},"modified":"2026-04-01T11:44:29","modified_gmt":"2026-04-01T08:44:29","slug":"100-years-litas-lats-kroon-exhibition-catalogue","status":"publish","type":"product","link":"https:\/\/testlnm.lt\/en\/product\/100-years-litas-lats-kroon-exhibition-catalogue\/","title":{"rendered":"100 Years: Litas, Lats, Kroon. Exhibition Catalogue"},"content":{"rendered":"<p>The publication 100 Years: Litas, Lats, Kroon is the catalogue for the international exhibition \u201c100 Years: Litas, Lats, Kroon\u201d held in the National Museum of Lithuania, Vilnius, in 28\/09\/2022 \u2013 05\/05\/2023; in the National History Museum of Latvia, Riga, in 03\/03\/2023 \u2013 28\/05\/2023; and in the Estonian History Museum, Tallinn, in 15\/06\/2023 \u2013 10\/12\/2023.<\/p>\n<p>In 2022, the national currency of Lithuania \u2013 the litas \u2013 marked its 100th anniversary. To commemorate this special occasion, the exhibition was arranged in close cooperation with the Latvian museologists \u2013 who also celebrated the centenary of the lats \u2013 and the Estonian museum workers getting to ready for the equally significant jubilee of the kroon. The introduction of the national currencies in the Baltic States after the declaration of their independence in 1918 as well as the restoration of their state independence in the late 20th century are somewhat similar; therefore, in order to better understand this, the same questions related to both periods are raised: what was the situation before the introduction of the national currency? How was it developed? Where and how were coins and banknotes made? How did we \u2013 each state \u2013 sought and still seek to look like in our money? Could the names of our money have been different? Could our coins and banknotes have been different? What was the value of our money, what could be purchased for it? Does the loss of the national currency signify the end? To answer the questions, the exhibition revealed the versatile meaning \u2013 historical, political, economic, cultural, ideological, artistic \u2013 of the national currencies of Lithuania, Latvia, and Estonia. Over a thousand exhibits \u2013 money and its substitutes, money sketches, designs, models and means of production; also, various articles made from coins \u2013 from the national, regional history, departmental museums and private collections, state and private archives as well as library funds of the three Baltic countries were displayed. Some exhibits were shown for the first time, whereas the rarities of exceptional historical and cultural significance were made available to the public only in one of the states. The exhibition publication presents the articles displayed in all three countries; the text part contains the illustrations and photographs of the valuables and documents complementing the topics.<\/p>\n<p>The exhibition-journey through the three Baltic States and two historical periods is completed; however, the exhibition publication offers us the opportunity to take a look at the national currencies of the three states, to compare the context of their origin and existence, to decipher the history of the three peoples encoded in them, to highlight commonalities and tell the differences. The valuable insights presented in the introductory article by Dr Vytautas Ali\u0161auskas \u201cImages and<\/p>\n<p>Meanings in Banknotes and Coins of Baltic Countries\u201d will help readers understand the images in the money and their meaning.<\/p>\n<p>Publication authors: the exhibition curators Dalia Grimalauskait\u0117 (Lithuania), Anda Ozoli\u0146a, M\u0101rti\u0146\u0161 V\u0101veris, Dr Krist\u012bne Ducmane (Latvia), Dr Ivar Leimus (Estonia). Publication designer: Vida Ona Kurait\u0117. Publication in English, 128 p., 277\u00d7210\u00d711 mm, a softcover with flaps, printed by Standard Impressa, UAB. Circulation: 600 copies. The publication supported by the Lithuanian Council for Culture and the Bank of Lithuania.<\/p>","protected":false},"excerpt":{"rendered":"<p>Vilnius, 2023, 128 pages, English. ISBN 978-609-4780-738.<\/p>\n<p>Publication authors: the exhibition curators Dalia Grimalauskait\u0117 (Lithuania), Anda Ozoli\u0146a, M\u0101rti\u0146\u0161 V\u0101veris, Dr Krist\u012bne Ducmane (Latvia), Dr Ivar Leimus (Estonia). Publication designer: Vida Ona Kurait\u0117.<\/p>","protected":false},"featured_media":2427,"template":"","meta":{"_acf_changed":false,"inline_featured_image":false},"product_brand":[],"product_cat":[23,19,183,147,174,76],"product_tag":[],"class_list":{"0":"post-2426","1":"product","2":"type-product","3":"status-publish","4":"has-post-thumbnail","6":"product_cat-istorija","7":"product_cat-leidiniai","8":"product_cat-leidiniai-anglu-kalba","9":"product_cat-naujausi-leidiniai","10":"product_cat-naujienos","11":"product_cat-numizmatika","13":"first","14":"instock","15":"taxable","16":"shipping-taxable","17":"purchasable","18":"product-type-simple"},"acf":[],"_links":{"self":[{"href":"https:\/\/testlnm.lt\/en\/wp-json\/wp\/v2\/product\/2426","targetHints":{"allow":["GET"]}}],"collection":[{"href":"https:\/\/testlnm.lt\/en\/wp-json\/wp\/v2\/product"}],"about":[{"href":"https:\/\/testlnm.lt\/en\/wp-json\/wp\/v2\/types\/product"}],"wp:featuredmedia":[{"embeddable":true,"href":"https:\/\/testlnm.lt\/en\/wp-json\/wp\/v2\/media\/2427"}],"wp:attachment":[{"href":"https:\/\/testlnm.lt\/en\/wp-json\/wp\/v2\/media?parent=2426"}],"wp:term":[{"taxonomy":"product_brand","embeddable":true,"href":"https:\/\/testlnm.lt\/en\/wp-json\/wp\/v2\/product_brand?post=2426"},{"taxonomy":"product_cat","embeddable":true,"href":"https:\/\/testlnm.lt\/en\/wp-json\/wp\/v2\/product_cat?post=2426"},{"taxonomy":"product_tag","embeddable":true,"href":"https:\/\/testlnm.lt\/en\/wp-json\/wp\/v2\/product_tag?post=2426"}],"curies":[{"name":"wp","href":"https:\/\/api.w.org\/{rel}","templated":true}]}}