{"id":248,"date":"2021-09-01T11:35:06","date_gmt":"2021-09-01T08:35:06","guid":{"rendered":"https:\/\/testlnm.lt\/?post_type=product&#038;p=248"},"modified":"2026-04-01T11:45:03","modified_gmt":"2026-04-01T08:45:03","slug":"restauravimo-metodika-nr-3-dirbiniai-is-spalvotuju-metalu-ir-ju-lydiniu-korozija-konservavimas-restauravimas","status":"publish","type":"product","link":"https:\/\/testlnm.lt\/en\/product\/restauravimo-metodika-nr-3-dirbiniai-is-spalvotuju-metalu-ir-ju-lydiniu-korozija-konservavimas-restauravimas\/","title":{"rendered":"Restoration Methodology No. 3. Articles made of non-ferrous metals and their alloys: corrosion, conservation, restoration"},"content":{"rendered":"<p>The issue is dedicated to non-ferrous and precious metals: it reviews their physical and chemical properties, corrosion, and protection against it in museum storage.<\/p>","protected":false},"excerpt":{"rendered":"<p>Restoration Methodology<\/p>\n<p>Vilnius, 2001. 60 p., lithuanian l., ISSN 1648-0562.<\/p>\n<p>Compiled by Gra\u017eina Gleiznien\u0117. Editor Dalia \u017dalien\u0117<\/p>","protected":false},"featured_media":782,"template":"","meta":{"_acf_changed":false,"inline_featured_image":false},"product_brand":[],"product_cat":[19,116],"product_tag":[77],"class_list":{"0":"post-248","1":"product","2":"type-product","3":"status-publish","4":"has-post-thumbnail","6":"product_cat-leidiniai","7":"product_cat-restauravimas","8":"product_tag-restauravimo-metodika","10":"first","11":"instock","12":"taxable","13":"shipping-taxable","14":"purchasable","15":"product-type-simple"},"acf":[],"_links":{"self":[{"href":"https:\/\/testlnm.lt\/en\/wp-json\/wp\/v2\/product\/248","targetHints":{"allow":["GET"]}}],"collection":[{"href":"https:\/\/testlnm.lt\/en\/wp-json\/wp\/v2\/product"}],"about":[{"href":"https:\/\/testlnm.lt\/en\/wp-json\/wp\/v2\/types\/product"}],"wp:featuredmedia":[{"embeddable":true,"href":"https:\/\/testlnm.lt\/en\/wp-json\/wp\/v2\/media\/782"}],"wp:attachment":[{"href":"https:\/\/testlnm.lt\/en\/wp-json\/wp\/v2\/media?parent=248"}],"wp:term":[{"taxonomy":"product_brand","embeddable":true,"href":"https:\/\/testlnm.lt\/en\/wp-json\/wp\/v2\/product_brand?post=248"},{"taxonomy":"product_cat","embeddable":true,"href":"https:\/\/testlnm.lt\/en\/wp-json\/wp\/v2\/product_cat?post=248"},{"taxonomy":"product_tag","embeddable":true,"href":"https:\/\/testlnm.lt\/en\/wp-json\/wp\/v2\/product_tag?post=248"}],"curies":[{"name":"wp","href":"https:\/\/api.w.org\/{rel}","templated":true}]}}