{"id":249,"date":"2021-09-01T12:10:32","date_gmt":"2021-09-01T09:10:32","guid":{"rendered":"https:\/\/testlnm.lt\/?post_type=product&#038;p=249"},"modified":"2026-04-01T11:45:03","modified_gmt":"2026-04-01T08:45:03","slug":"restauravimo-metodika-nr-4-popierius-pergamentas-spaudiniai","status":"publish","type":"product","link":"https:\/\/testlnm.lt\/en\/product\/restauravimo-metodika-nr-4-popierius-pergamentas-spaudiniai\/","title":{"rendered":"Restoration Methodology, No. 4. Paper, Parchment, Prints"},"content":{"rendered":"<p>This issue is dedicated to a single theme \u2013 paper and books. It reviews traditional methods of conserving paper and parchment, introduces ongoing research into new conservation technologies, and presents both historically and restorationally significant work carried out in museums and libraries.<\/p>\n<p>&nbsp;<\/p>","protected":false},"excerpt":{"rendered":"<p>Restoration Methodology<\/p>\n<p>Vilnius, 2002. 72 p., Lithuanian, summaries in English, ISSN 1648-0562.<\/p>\n<p>Compiled by Gra\u017eina Gleiznien\u0117. Editor Dalia \u017dalien\u0117<\/p>","protected":false},"featured_media":622,"template":"","meta":{"_acf_changed":false,"inline_featured_image":false},"product_brand":[],"product_cat":[19,116],"product_tag":[77],"class_list":{"0":"post-249","1":"product","2":"type-product","3":"status-publish","4":"has-post-thumbnail","6":"product_cat-leidiniai","7":"product_cat-restauravimas","8":"product_tag-restauravimo-metodika","10":"first","11":"instock","12":"taxable","13":"shipping-taxable","14":"purchasable","15":"product-type-simple"},"acf":[],"_links":{"self":[{"href":"https:\/\/testlnm.lt\/en\/wp-json\/wp\/v2\/product\/249","targetHints":{"allow":["GET"]}}],"collection":[{"href":"https:\/\/testlnm.lt\/en\/wp-json\/wp\/v2\/product"}],"about":[{"href":"https:\/\/testlnm.lt\/en\/wp-json\/wp\/v2\/types\/product"}],"wp:featuredmedia":[{"embeddable":true,"href":"https:\/\/testlnm.lt\/en\/wp-json\/wp\/v2\/media\/622"}],"wp:attachment":[{"href":"https:\/\/testlnm.lt\/en\/wp-json\/wp\/v2\/media?parent=249"}],"wp:term":[{"taxonomy":"product_brand","embeddable":true,"href":"https:\/\/testlnm.lt\/en\/wp-json\/wp\/v2\/product_brand?post=249"},{"taxonomy":"product_cat","embeddable":true,"href":"https:\/\/testlnm.lt\/en\/wp-json\/wp\/v2\/product_cat?post=249"},{"taxonomy":"product_tag","embeddable":true,"href":"https:\/\/testlnm.lt\/en\/wp-json\/wp\/v2\/product_tag?post=249"}],"curies":[{"name":"wp","href":"https:\/\/api.w.org\/{rel}","templated":true}]}}