{"id":250,"date":"2021-09-01T15:15:23","date_gmt":"2021-09-01T12:15:23","guid":{"rendered":"https:\/\/testlnm.lt\/?post_type=product&#038;p=250"},"modified":"2026-04-01T11:45:00","modified_gmt":"2026-04-01T08:45:00","slug":"restauravimo-metodika-nr-5","status":"publish","type":"product","link":"https:\/\/testlnm.lt\/en\/product\/restauravimo-metodika-nr-5\/","title":{"rendered":"Restoration Methodology, No. 5"},"content":{"rendered":"<p>The theme of this issue is preventive conservation of museum treasures. Additionally, the publication discusses the restoration of complex objects - not only museum exhibits - the application of new modern research methods, and the analysis and interpretation of museum collections.<\/p>","protected":false},"excerpt":{"rendered":"<p>Restoration Methodology<\/p>\n<p>Vilnius, 2007. 120 p., Lithuanian, summaries in English, ISSN 1648-0562.<\/p>\n<p>Compiler: Gra\u017eina Gleiznien\u0117. Artist: Ar\u016bnas Prelgauskas. Editor: Nijol\u0117 Deveikien\u0117.<\/p>","protected":false},"featured_media":623,"template":"","meta":{"_acf_changed":false,"inline_featured_image":false},"product_brand":[],"product_cat":[19,116],"product_tag":[77],"class_list":{"0":"post-250","1":"product","2":"type-product","3":"status-publish","4":"has-post-thumbnail","6":"product_cat-leidiniai","7":"product_cat-restauravimas","8":"product_tag-restauravimo-metodika","10":"first","11":"instock","12":"taxable","13":"shipping-taxable","14":"purchasable","15":"product-type-simple"},"acf":[],"_links":{"self":[{"href":"https:\/\/testlnm.lt\/en\/wp-json\/wp\/v2\/product\/250","targetHints":{"allow":["GET"]}}],"collection":[{"href":"https:\/\/testlnm.lt\/en\/wp-json\/wp\/v2\/product"}],"about":[{"href":"https:\/\/testlnm.lt\/en\/wp-json\/wp\/v2\/types\/product"}],"wp:featuredmedia":[{"embeddable":true,"href":"https:\/\/testlnm.lt\/en\/wp-json\/wp\/v2\/media\/623"}],"wp:attachment":[{"href":"https:\/\/testlnm.lt\/en\/wp-json\/wp\/v2\/media?parent=250"}],"wp:term":[{"taxonomy":"product_brand","embeddable":true,"href":"https:\/\/testlnm.lt\/en\/wp-json\/wp\/v2\/product_brand?post=250"},{"taxonomy":"product_cat","embeddable":true,"href":"https:\/\/testlnm.lt\/en\/wp-json\/wp\/v2\/product_cat?post=250"},{"taxonomy":"product_tag","embeddable":true,"href":"https:\/\/testlnm.lt\/en\/wp-json\/wp\/v2\/product_tag?post=250"}],"curies":[{"name":"wp","href":"https:\/\/api.w.org\/{rel}","templated":true}]}}