{"id":251,"date":"2021-09-01T17:53:54","date_gmt":"2021-09-01T14:53:54","guid":{"rendered":"https:\/\/testlnm.lt\/?post_type=product&#038;p=251"},"modified":"2026-04-01T11:44:57","modified_gmt":"2026-04-01T08:44:57","slug":"restauravimo-metodika-nr-6","status":"publish","type":"product","link":"https:\/\/testlnm.lt\/en\/product\/restauravimo-metodika-nr-6\/","title":{"rendered":"Restoration Methodology, No. 6"},"content":{"rendered":"<p>The sixth installment of the ongoing series\u00a0<em>Restoration Methodology<\/em>\u00a0is dedicated to commemorating the tenth anniversary of the Restoration Center. The published articles discuss various issues related to the conservation, restoration, and preservation of museum artifacts. The majority of the focus is on the restoration of archaeological finds: the complex restoration of a wooden scoop, a lime bark bucket, and wet ceramic artifacts are presented, along with articles on the examination and restoration of archaeological finds from Verkiai Manor, the study and restoration of sewing tools from Vilnius City. The publication also introduces the unique Trakai Voivodeship flag, conservation and restoration of liturgical metalwork, and polychrome. From the field of restoration technology, methods for fiber identification and preventive conservation of photographs are discussed.<\/p>","protected":false},"excerpt":{"rendered":"<p>Restoration Methodology<\/p>\n<p>Vilnius, 2012. 104 p., Lithuanian, summaries in English, ISSN 1648-0562.<\/p>\n<p>Publication compilers: Regina Ulozait\u0117 and Simona Matuzevi\u010di\u016bt\u0117. Artist: Ar\u016bnas Prelgauskas.  Editor: NIjol\u0117 Deveikien\u0117.<\/p>","protected":false},"featured_media":602,"template":"","meta":{"_acf_changed":false,"inline_featured_image":false},"product_brand":[],"product_cat":[19,116],"product_tag":[77],"class_list":{"0":"post-251","1":"product","2":"type-product","3":"status-publish","4":"has-post-thumbnail","6":"product_cat-leidiniai","7":"product_cat-restauravimas","8":"product_tag-restauravimo-metodika","10":"first","11":"instock","12":"taxable","13":"shipping-taxable","14":"purchasable","15":"product-type-simple"},"acf":[],"_links":{"self":[{"href":"https:\/\/testlnm.lt\/en\/wp-json\/wp\/v2\/product\/251","targetHints":{"allow":["GET"]}}],"collection":[{"href":"https:\/\/testlnm.lt\/en\/wp-json\/wp\/v2\/product"}],"about":[{"href":"https:\/\/testlnm.lt\/en\/wp-json\/wp\/v2\/types\/product"}],"wp:featuredmedia":[{"embeddable":true,"href":"https:\/\/testlnm.lt\/en\/wp-json\/wp\/v2\/media\/602"}],"wp:attachment":[{"href":"https:\/\/testlnm.lt\/en\/wp-json\/wp\/v2\/media?parent=251"}],"wp:term":[{"taxonomy":"product_brand","embeddable":true,"href":"https:\/\/testlnm.lt\/en\/wp-json\/wp\/v2\/product_brand?post=251"},{"taxonomy":"product_cat","embeddable":true,"href":"https:\/\/testlnm.lt\/en\/wp-json\/wp\/v2\/product_cat?post=251"},{"taxonomy":"product_tag","embeddable":true,"href":"https:\/\/testlnm.lt\/en\/wp-json\/wp\/v2\/product_tag?post=251"}],"curies":[{"name":"wp","href":"https:\/\/api.w.org\/{rel}","templated":true}]}}