{"id":257,"date":"2021-09-01T16:10:07","date_gmt":"2021-09-01T13:10:07","guid":{"rendered":"https:\/\/testlnm.lt\/?post_type=product&#038;p=257"},"modified":"2026-04-17T09:21:15","modified_gmt":"2026-04-17T06:21:15","slug":"numizmatika-7-8-metrastis-2006-2007","status":"publish","type":"product","link":"https:\/\/testlnm.lt\/en\/product\/numizmatika-7-8-metrastis-2006-2007\/","title":{"rendered":"Numismatics 7-8, Yearbook from 2006-2007"},"content":{"rendered":"<div class=\"single-leidinys-internete\">\n<div class=\"leidinys-content\">\n<p>This issue features articles on numismatics from Lithuania and Belarus focusing on coin counterfeiting. It includes publications on coin hoards from the 17th and 20th centuries found during archaeological excavations in K\u0117dainiai, Gediminas Avenue in Vilnius, and the restoration materials of a coin hoard found on Stuokos-Gucevi\u010dius Street in Vilnius. The publication also presents the findings and research results of countermarks stored at the Lithuanian National Museum and showcases awards bestowed upon signatory Kazimieras Bizauskas from Lithuania, Latvia, and Sweden. Two publications are dedicated to exonumia: one on the discovery of a bond from 1831 and archival information about the printing of Lithuanian banknotes in 1938. Additionally, it provides a bibliography of Lithuanian numismatics from 2004 to 2005 and discusses catalogs of Grand Duchy of Lithuania coins published in Belarus and Poland in 2005. The chronicle reviews numismatic events in Lithuania from 2006 to 2007, including anniversaries, exhibitions, conferences, lectures, camps, meetings in Lithuania and abroad.<\/p>\n<div class=\"book-summary\"><\/div>\n<\/div>\n<\/div>","protected":false},"excerpt":{"rendered":"<p>Yearbook \"Numismatics\"<\/p>\n<p>Vilnius, 2008. 384 p., Lithuanian, Russia, summaries in English, ISSN 1392-8570.<\/p>\n<p>Compiler: Dalia Grimalauskait\u0117. Artist: Ar\u016bnas Prelgauskas. Editor: Nijol\u0117 Deveikien\u0117.<\/p>","protected":false},"featured_media":627,"template":"","meta":{"_acf_changed":false,"inline_featured_image":false},"product_brand":[],"product_cat":[19,76],"product_tag":[78],"class_list":{"0":"post-257","1":"product","2":"type-product","3":"status-publish","4":"has-post-thumbnail","6":"product_cat-leidiniai","7":"product_cat-numizmatika","8":"product_tag-numizmatika","10":"first","11":"instock","12":"taxable","13":"shipping-taxable","14":"purchasable","15":"product-type-simple"},"acf":[],"_links":{"self":[{"href":"https:\/\/testlnm.lt\/en\/wp-json\/wp\/v2\/product\/257","targetHints":{"allow":["GET"]}}],"collection":[{"href":"https:\/\/testlnm.lt\/en\/wp-json\/wp\/v2\/product"}],"about":[{"href":"https:\/\/testlnm.lt\/en\/wp-json\/wp\/v2\/types\/product"}],"wp:featuredmedia":[{"embeddable":true,"href":"https:\/\/testlnm.lt\/en\/wp-json\/wp\/v2\/media\/627"}],"wp:attachment":[{"href":"https:\/\/testlnm.lt\/en\/wp-json\/wp\/v2\/media?parent=257"}],"wp:term":[{"taxonomy":"product_brand","embeddable":true,"href":"https:\/\/testlnm.lt\/en\/wp-json\/wp\/v2\/product_brand?post=257"},{"taxonomy":"product_cat","embeddable":true,"href":"https:\/\/testlnm.lt\/en\/wp-json\/wp\/v2\/product_cat?post=257"},{"taxonomy":"product_tag","embeddable":true,"href":"https:\/\/testlnm.lt\/en\/wp-json\/wp\/v2\/product_tag?post=257"}],"curies":[{"name":"wp","href":"https:\/\/api.w.org\/{rel}","templated":true}]}}