{"id":2599,"date":"2024-05-23T10:37:43","date_gmt":"2024-05-23T07:37:43","guid":{"rendered":"https:\/\/testlnm.lt\/?post_type=product&#038;p=2599"},"modified":"2026-04-01T11:44:28","modified_gmt":"2026-04-01T08:44:28","slug":"kazio-varnelio-darbu-reprodukcija","status":"publish","type":"product","link":"https:\/\/testlnm.lt\/en\/product\/kazio-varnelio-darbu-reprodukcija\/","title":{"rendered":"Kazys Varnelis Art Print"},"content":{"rendered":"<p>Kazys Varnelis prints available:<\/p>\n<p>\u2013 \u0160E\u0160IOLIKA KART KETURI \/ SIXTEEN TIMES FOUR (1970 m.) 100\u00d7100 cm.<br \/>\n\u2013 PSEUDOLABIRINTAS NR. 2 \/ PSEUDO LABYRINTH NO. 2 (1971 m.) 100\u00d770 cm.<br \/>\n\u2013 DIAGONALINIS JUDESYS \/ DIAGONAL MOVEMENT (1972 m.) 100\u00d7100 cm.<br \/>\n\u2013 VARIACIJOS \/ VARIATIONS (1968 m.) 100\u00d770 cm.<br \/>\n&#8211; CONVEX PLUS CONCAVE (1971 m.) 100&#215;100 cm.<\/p>\n<p>Unframed.<br \/>\nDigital print.<\/p>\n<p>Due to its format prints can only be collected at the House of Histories ( T. Kosciu\u0161kos str. 3, Vilnius) or delivered by courier.<\/p>","protected":false},"excerpt":{"rendered":"<p>Galimos \u0161i\u0173 Kazio Varnelio darb\u0173 reprodukcijos: &#8211; \u0160E\u0160IOLIKA KART KETURI  [&#8230;]<\/p>\n","protected":false},"featured_media":2585,"template":"","meta":{"_acf_changed":false,"inline_featured_image":false},"product_brand":[],"product_cat":[20,174],"product_tag":[],"class_list":{"0":"post-2599","1":"product","2":"type-product","3":"status-publish","4":"has-post-thumbnail","6":"product_cat-dovanos-suvenyrai","7":"product_cat-naujienos","8":"product_shipping_class-standartine","10":"first","11":"outofstock","12":"taxable","13":"shipping-taxable","14":"purchasable","15":"product-type-variable"},"acf":[],"_links":{"self":[{"href":"https:\/\/testlnm.lt\/en\/wp-json\/wp\/v2\/product\/2599","targetHints":{"allow":["GET"]}}],"collection":[{"href":"https:\/\/testlnm.lt\/en\/wp-json\/wp\/v2\/product"}],"about":[{"href":"https:\/\/testlnm.lt\/en\/wp-json\/wp\/v2\/types\/product"}],"wp:featuredmedia":[{"embeddable":true,"href":"https:\/\/testlnm.lt\/en\/wp-json\/wp\/v2\/media\/2585"}],"wp:attachment":[{"href":"https:\/\/testlnm.lt\/en\/wp-json\/wp\/v2\/media?parent=2599"}],"wp:term":[{"taxonomy":"product_brand","embeddable":true,"href":"https:\/\/testlnm.lt\/en\/wp-json\/wp\/v2\/product_brand?post=2599"},{"taxonomy":"product_cat","embeddable":true,"href":"https:\/\/testlnm.lt\/en\/wp-json\/wp\/v2\/product_cat?post=2599"},{"taxonomy":"product_tag","embeddable":true,"href":"https:\/\/testlnm.lt\/en\/wp-json\/wp\/v2\/product_tag?post=2599"}],"curies":[{"name":"wp","href":"https:\/\/api.w.org\/{rel}","templated":true}]}}