{"id":262,"date":"2021-09-02T11:25:49","date_gmt":"2021-09-02T08:25:49","guid":{"rendered":"https:\/\/testlnm.lt\/?post_type=product&#038;p=262"},"modified":"2026-04-01T11:44:46","modified_gmt":"2026-04-01T08:44:46","slug":"numizmatika-13-17-metrastis-2012-2016","status":"publish","type":"product","link":"https:\/\/testlnm.lt\/en\/product\/numizmatika-13-17-metrastis-2012-2016\/","title":{"rendered":"Numismatics 13-17, Yearbook of 2012-2016"},"content":{"rendered":"<div class=\"single-leidinys-internete\">\n<div class=\"leidinys-content\">\n<p>This issue features articles about the emblem of the Student Ateitininkai Abstinent Corporation and dog registration tokens in interwar Lithuania. Published are coin finds from archaeological excavations at Turgaus a. 12 in Klaip\u0117da. New data on counterfeit Lithuanian half groats of \u017dygimantas Senasis and \u017dygimantas Augustas are announced. The publication includes the Lithuanian numismatics bibliography for 2009\u20132011 and discusses numismatic publications from Lithuania and foreign countries.<\/p>\n<div class=\"book-summary\"><\/div>\n<\/div>\n<\/div>","protected":false},"excerpt":{"rendered":"<p>Yearbook \"Numismatics\"<\/p>\n<p>Vilnius, 2017. 232 p., Lithuanian and Russian, summary in English, ISSN 1392-8570.<\/p>\n<p>Compiler: Eduardas Remecas. Artist: Ar\u016bnas Prelgauskas. Editor: Daiva Staki\u0161aitien\u0117.<\/p>","protected":false},"featured_media":765,"template":"","meta":{"_acf_changed":false,"inline_featured_image":false},"product_brand":[],"product_cat":[19,76],"product_tag":[78],"class_list":{"0":"post-262","1":"product","2":"type-product","3":"status-publish","4":"has-post-thumbnail","6":"product_cat-leidiniai","7":"product_cat-numizmatika","8":"product_tag-numizmatika","10":"first","11":"instock","12":"taxable","13":"shipping-taxable","14":"purchasable","15":"product-type-simple"},"acf":[],"_links":{"self":[{"href":"https:\/\/testlnm.lt\/en\/wp-json\/wp\/v2\/product\/262","targetHints":{"allow":["GET"]}}],"collection":[{"href":"https:\/\/testlnm.lt\/en\/wp-json\/wp\/v2\/product"}],"about":[{"href":"https:\/\/testlnm.lt\/en\/wp-json\/wp\/v2\/types\/product"}],"wp:featuredmedia":[{"embeddable":true,"href":"https:\/\/testlnm.lt\/en\/wp-json\/wp\/v2\/media\/765"}],"wp:attachment":[{"href":"https:\/\/testlnm.lt\/en\/wp-json\/wp\/v2\/media?parent=262"}],"wp:term":[{"taxonomy":"product_brand","embeddable":true,"href":"https:\/\/testlnm.lt\/en\/wp-json\/wp\/v2\/product_brand?post=262"},{"taxonomy":"product_cat","embeddable":true,"href":"https:\/\/testlnm.lt\/en\/wp-json\/wp\/v2\/product_cat?post=262"},{"taxonomy":"product_tag","embeddable":true,"href":"https:\/\/testlnm.lt\/en\/wp-json\/wp\/v2\/product_tag?post=262"}],"curies":[{"name":"wp","href":"https:\/\/api.w.org\/{rel}","templated":true}]}}