{"id":277,"date":"2021-09-01T14:25:32","date_gmt":"2021-09-01T11:25:32","guid":{"rendered":"https:\/\/testlnm.lt\/?post_type=product&#038;p=277"},"modified":"2026-04-01T11:45:01","modified_gmt":"2026-04-01T08:45:01","slug":"etnografija-13-14-metrastis-2003-2004","status":"publish","type":"product","link":"https:\/\/testlnm.lt\/en\/product\/etnografija-13-14-metrastis-2003-2004\/","title":{"rendered":"Etnografija 13\u201314, Metra\u0161tis 2003\u20132004"},"content":{"rendered":"<div class=\"single-leidinys-internete\">\n<div class=\"leidinys-content\">\n<p>\u0160is numeris skiriamas valstie\u010di\u0173 drabu\u017ei\u0173 ir interjero tekstil\u0117s prie\u017ei\u016brai. Apra\u0161omi pagrindiniai procesai \u2013 skalbimas, balinimas, lyginimas, muilo virimas. Publikuojamas Lietuvos nacionaliniame muziejuje saugomas\u00a0tekstil\u0117s prie\u017ei\u016bros priemoni\u0173 (skalbimo lent\u0173, kultuvi\u0173, ko\u010d\u0117l\u0173) rinkinys. Aptariami Lietuvos muziejuose saugomi marginti audiniai, apra\u0161omi svarbesnieji etnograf\u0173 ir muziejinink\u0173 gyvenimo \u012fvykiai: ekspedicijos, leidiniai, parodos, sukaktys.<\/p>\n<p>&nbsp;<\/p>\n<div class=\"book-summary\"><\/div>\n<\/div>\n<\/div>","protected":false},"excerpt":{"rendered":"<p>Yearbook \"Ethnography\"<\/p>\n<p>Vilnius, 2006. 196 p., lietuvi\u0173 k., santr. angl\u0173 k., ISBN 1648-4835.<\/p>\n<p>Sudarytojos Elvyda Lazauskait\u0117 ir Maryt\u0117 Slu\u0161inskait\u0117. Dailininkas Eugenijus Karpavi\u010dius, redaktor\u0117 Maryt\u0117 Slu\u0161inskait\u0117<\/p>\n<h3><\/h3>","protected":false},"featured_media":582,"template":"","meta":{"_acf_changed":false,"inline_featured_image":false},"product_brand":[],"product_cat":[70,19],"product_tag":[79],"class_list":{"0":"post-277","1":"product","2":"type-product","3":"status-publish","4":"has-post-thumbnail","6":"product_cat-etnografija","7":"product_cat-leidiniai","8":"product_tag-etnografija","10":"first","11":"instock","12":"taxable","13":"shipping-taxable","14":"purchasable","15":"product-type-simple"},"acf":[],"_links":{"self":[{"href":"https:\/\/testlnm.lt\/en\/wp-json\/wp\/v2\/product\/277","targetHints":{"allow":["GET"]}}],"collection":[{"href":"https:\/\/testlnm.lt\/en\/wp-json\/wp\/v2\/product"}],"about":[{"href":"https:\/\/testlnm.lt\/en\/wp-json\/wp\/v2\/types\/product"}],"wp:featuredmedia":[{"embeddable":true,"href":"https:\/\/testlnm.lt\/en\/wp-json\/wp\/v2\/media\/582"}],"wp:attachment":[{"href":"https:\/\/testlnm.lt\/en\/wp-json\/wp\/v2\/media?parent=277"}],"wp:term":[{"taxonomy":"product_brand","embeddable":true,"href":"https:\/\/testlnm.lt\/en\/wp-json\/wp\/v2\/product_brand?post=277"},{"taxonomy":"product_cat","embeddable":true,"href":"https:\/\/testlnm.lt\/en\/wp-json\/wp\/v2\/product_cat?post=277"},{"taxonomy":"product_tag","embeddable":true,"href":"https:\/\/testlnm.lt\/en\/wp-json\/wp\/v2\/product_tag?post=277"}],"curies":[{"name":"wp","href":"https:\/\/api.w.org\/{rel}","templated":true}]}}