{"id":278,"date":"2021-09-01T15:25:22","date_gmt":"2021-09-01T12:25:22","guid":{"rendered":"https:\/\/testlnm.lt\/?post_type=product&#038;p=278"},"modified":"2026-04-01T11:45:00","modified_gmt":"2026-04-01T08:45:00","slug":"etnografija-15-16-metrastis-2005-2006","status":"publish","type":"product","link":"https:\/\/testlnm.lt\/en\/product\/etnografija-15-16-metrastis-2005-2006\/","title":{"rendered":"Ethnography 15-16, Yearbook from 2005-2006"},"content":{"rendered":"<p>This issue is dedicated to Lithuanian rural crafts - pottery, blacksmithing, and woodworking. The publication extensively presents a collection of pottery tools for shaping and decorating pottery, as well as ironwork items used in household crafts, all housed in the Lithuanian National Museum.<\/p>","protected":false},"excerpt":{"rendered":"<p>Yearbook \"Ethnography\"<\/p>\n<p>Vilnius, 2007. 294 p., Lithuanian, summaries in English, ISSN 1648-4835.<\/p>\n<p>Layout designer: Edita Gu\u017eait\u0117. Editor: Maryt\u0117 Slu\u0161inskait\u0117.<\/p>","protected":false},"featured_media":632,"template":"","meta":{"_acf_changed":false,"inline_featured_image":false},"product_brand":[],"product_cat":[70,19],"product_tag":[79],"class_list":{"0":"post-278","1":"product","2":"type-product","3":"status-publish","4":"has-post-thumbnail","6":"product_cat-etnografija","7":"product_cat-leidiniai","8":"product_tag-etnografija","10":"first","11":"instock","12":"taxable","13":"shipping-taxable","14":"purchasable","15":"product-type-simple"},"acf":[],"_links":{"self":[{"href":"https:\/\/testlnm.lt\/en\/wp-json\/wp\/v2\/product\/278","targetHints":{"allow":["GET"]}}],"collection":[{"href":"https:\/\/testlnm.lt\/en\/wp-json\/wp\/v2\/product"}],"about":[{"href":"https:\/\/testlnm.lt\/en\/wp-json\/wp\/v2\/types\/product"}],"wp:featuredmedia":[{"embeddable":true,"href":"https:\/\/testlnm.lt\/en\/wp-json\/wp\/v2\/media\/632"}],"wp:attachment":[{"href":"https:\/\/testlnm.lt\/en\/wp-json\/wp\/v2\/media?parent=278"}],"wp:term":[{"taxonomy":"product_brand","embeddable":true,"href":"https:\/\/testlnm.lt\/en\/wp-json\/wp\/v2\/product_brand?post=278"},{"taxonomy":"product_cat","embeddable":true,"href":"https:\/\/testlnm.lt\/en\/wp-json\/wp\/v2\/product_cat?post=278"},{"taxonomy":"product_tag","embeddable":true,"href":"https:\/\/testlnm.lt\/en\/wp-json\/wp\/v2\/product_tag?post=278"}],"curies":[{"name":"wp","href":"https:\/\/api.w.org\/{rel}","templated":true}]}}