{"id":280,"date":"2021-09-02T12:15:20","date_gmt":"2021-09-02T09:15:20","guid":{"rendered":"https:\/\/testlnm.lt\/?post_type=product&#038;p=280"},"modified":"2026-04-01T11:44:44","modified_gmt":"2026-04-01T08:44:44","slug":"etnografija-18-19-metrastis-2008-2009","status":"publish","type":"product","link":"https:\/\/testlnm.lt\/en\/product\/etnografija-18-19-metrastis-2008-2009\/","title":{"rendered":"Ethnography 18-19, Yearbook of 2008-2009"},"content":{"rendered":"<p>Thousands of exhibits are preserved in the textile collections of the Ethnic Culture Department of the Lithuanian National Museum - towels, tablecloths, bedspreads, bedding, clothing, and fabrics. They reflect the peculiarities of peasant clothing from the late 18th century to the mid-20th century, as well as various interior and household textiles. The constantly expanding collection contains about 10,000 units of clothing and interior fabric fragments, knits, embroideries, sewing samples, and other decorative techniques. As individual exhibits, pots and their parts are rarely displayed or included in exhibition or gallery spaces due to their fragmented nature, although they are valuable for revealing the diversity of this type of work. The aim of the catalog is to present, systematize, and identify the diversity of pots preserved in the collection.<\/p>\n<p>This\u00a0<em>Ethnographic<\/em>\u00a0Yearbook consists of two parts. The first introduces the collection of pots, while the second part reminds about the exhibitions and publications released by the museum in 2008-2009.<\/p>","protected":false},"excerpt":{"rendered":"<p>Yearbook \"Ethnography\"<\/p>\n<p>Vilnius, 2018. 232 p., Lithuanian, summary in English, ISSN 1648-4835.<\/p>\n<p>Publication compilers: \u017divil\u0117 Paipulait\u0117, Maryt\u0117 Slu\u0161inskait\u0117. Layout designer: Edita Gu\u017eait\u0117. Editor: Maryt\u0117 Slu\u0161inskait\u0117. Photographer Ar\u016bnas Balt\u0117nas. Translator: Au\u0161ra Simanavi\u010di\u016bt\u0117.<\/p>","protected":false},"featured_media":579,"template":"","meta":{"_acf_changed":false,"inline_featured_image":false},"product_brand":[],"product_cat":[70,19],"product_tag":[79],"class_list":{"0":"post-280","1":"product","2":"type-product","3":"status-publish","4":"has-post-thumbnail","6":"product_cat-etnografija","7":"product_cat-leidiniai","8":"product_tag-etnografija","10":"first","11":"instock","12":"taxable","13":"shipping-taxable","14":"purchasable","15":"product-type-simple"},"acf":[],"_links":{"self":[{"href":"https:\/\/testlnm.lt\/en\/wp-json\/wp\/v2\/product\/280","targetHints":{"allow":["GET"]}}],"collection":[{"href":"https:\/\/testlnm.lt\/en\/wp-json\/wp\/v2\/product"}],"about":[{"href":"https:\/\/testlnm.lt\/en\/wp-json\/wp\/v2\/types\/product"}],"wp:featuredmedia":[{"embeddable":true,"href":"https:\/\/testlnm.lt\/en\/wp-json\/wp\/v2\/media\/579"}],"wp:attachment":[{"href":"https:\/\/testlnm.lt\/en\/wp-json\/wp\/v2\/media?parent=280"}],"wp:term":[{"taxonomy":"product_brand","embeddable":true,"href":"https:\/\/testlnm.lt\/en\/wp-json\/wp\/v2\/product_brand?post=280"},{"taxonomy":"product_cat","embeddable":true,"href":"https:\/\/testlnm.lt\/en\/wp-json\/wp\/v2\/product_cat?post=280"},{"taxonomy":"product_tag","embeddable":true,"href":"https:\/\/testlnm.lt\/en\/wp-json\/wp\/v2\/product_tag?post=280"}],"curies":[{"name":"wp","href":"https:\/\/api.w.org\/{rel}","templated":true}]}}