{"id":282,"date":"2021-09-02T10:50:42","date_gmt":"2021-09-02T07:50:42","guid":{"rendered":"https:\/\/testlnm.lt\/?post_type=product&#038;p=282"},"modified":"2026-04-01T11:44:47","modified_gmt":"2026-04-01T08:44:47","slug":"etnografija-26-metrastis-2016","status":"publish","type":"product","link":"https:\/\/testlnm.lt\/en\/product\/etnografija-26-metrastis-2016\/","title":{"rendered":"Ethnography 26, Yearbook of 2016"},"content":{"rendered":"<p>This\u00a0<em>Ethnographic<\/em>\u00a0journal was issued in 2016. It spans 262 pages and is in Lithuanian, with abstracts in English. The journal was produced in collaboration with the Department of Ethnology and Anthropology at the Lithuanian Institute of History. It features articles prepared for the conference \"For Professor Vytas Miliauskas \u2013 90,\" dedicated to the professor's ninetieth birthday. The content includes continuous bibliographic work, documentation of sacral architecture, contributions to the establishment of the Lithuanian Museum of Folk Life, and activities at the Lithuanian Catholic Academy of Science. The texts are accompanied by photographs from Professor Vytas Miliauskas's personal archive as well as those held in the Lithuanian State Archives, the Lithuanian National Museum, and the Museum of Lithuanian Folk Culture.<\/p>","protected":false},"excerpt":{"rendered":"<p>Yearbook \"Ethnography\"<\/p>\n<p>Vilnius, 2016. 262 p.,Lithuanian, summary in English, ISSN 1648-4835<\/p>\n<p>Layout designer: Edita Gu\u017eait\u0117. Editor: Maryt\u0117 Slu\u0161inskait\u0117. Photographer: Ar\u016bnas Balt\u0117nas. Translator: Au\u0161ra Simanavi\u010di\u016bt\u0117.<\/p>","protected":false},"featured_media":577,"template":"","meta":{"_acf_changed":false,"inline_featured_image":false},"product_brand":[],"product_cat":[70,19],"product_tag":[79],"class_list":{"0":"post-282","1":"product","2":"type-product","3":"status-publish","4":"has-post-thumbnail","6":"product_cat-etnografija","7":"product_cat-leidiniai","8":"product_tag-etnografija","10":"first","11":"instock","12":"taxable","13":"shipping-taxable","14":"purchasable","15":"product-type-simple"},"acf":[],"_links":{"self":[{"href":"https:\/\/testlnm.lt\/en\/wp-json\/wp\/v2\/product\/282","targetHints":{"allow":["GET"]}}],"collection":[{"href":"https:\/\/testlnm.lt\/en\/wp-json\/wp\/v2\/product"}],"about":[{"href":"https:\/\/testlnm.lt\/en\/wp-json\/wp\/v2\/types\/product"}],"wp:featuredmedia":[{"embeddable":true,"href":"https:\/\/testlnm.lt\/en\/wp-json\/wp\/v2\/media\/577"}],"wp:attachment":[{"href":"https:\/\/testlnm.lt\/en\/wp-json\/wp\/v2\/media?parent=282"}],"wp:term":[{"taxonomy":"product_brand","embeddable":true,"href":"https:\/\/testlnm.lt\/en\/wp-json\/wp\/v2\/product_brand?post=282"},{"taxonomy":"product_cat","embeddable":true,"href":"https:\/\/testlnm.lt\/en\/wp-json\/wp\/v2\/product_cat?post=282"},{"taxonomy":"product_tag","embeddable":true,"href":"https:\/\/testlnm.lt\/en\/wp-json\/wp\/v2\/product_tag?post=282"}],"curies":[{"name":"wp","href":"https:\/\/api.w.org\/{rel}","templated":true}]}}