{"id":2996,"date":"2024-10-29T14:30:12","date_gmt":"2024-10-29T12:30:12","guid":{"rendered":"https:\/\/testlnm.lt\/?post_type=product&#038;p=2996"},"modified":"2026-04-18T21:59:23","modified_gmt":"2026-04-18T18:59:23","slug":"atvirukas-spastai","status":"publish","type":"product","link":"https:\/\/testlnm.lt\/en\/product\/atvirukas-spastai\/","title":{"rendered":"Postcard \"Trap\""},"content":{"rendered":"<p>Postcard from the LNM exhibition \"Traps with Central Heating\". Format A6.<br \/>\nIllustration: A comic book about shopping in a Soviet gastronomist created by Migl\u0117 Anu\u0161auskait\u0117.<\/p>","protected":false},"excerpt":{"rendered":"<p>LNM parodos \u201eSp\u0105stai su centriniu \u0161ildymu\u201c atvirukas. Formatas A6. Iliustracija:  [&#8230;]<\/p>\n","protected":false},"featured_media":2997,"template":"","meta":{"_acf_changed":false,"inline_featured_image":false},"product_brand":[],"product_cat":[117,20,174],"product_tag":[],"class_list":{"0":"post-2996","1":"product","2":"type-product","3":"status-publish","4":"has-post-thumbnail","6":"product_cat-atvirukai","7":"product_cat-dovanos-suvenyrai","8":"product_cat-naujienos","10":"first","11":"instock","12":"taxable","13":"shipping-taxable","14":"purchasable","15":"product-type-simple"},"acf":[],"_links":{"self":[{"href":"https:\/\/testlnm.lt\/en\/wp-json\/wp\/v2\/product\/2996","targetHints":{"allow":["GET"]}}],"collection":[{"href":"https:\/\/testlnm.lt\/en\/wp-json\/wp\/v2\/product"}],"about":[{"href":"https:\/\/testlnm.lt\/en\/wp-json\/wp\/v2\/types\/product"}],"wp:featuredmedia":[{"embeddable":true,"href":"https:\/\/testlnm.lt\/en\/wp-json\/wp\/v2\/media\/2997"}],"wp:attachment":[{"href":"https:\/\/testlnm.lt\/en\/wp-json\/wp\/v2\/media?parent=2996"}],"wp:term":[{"taxonomy":"product_brand","embeddable":true,"href":"https:\/\/testlnm.lt\/en\/wp-json\/wp\/v2\/product_brand?post=2996"},{"taxonomy":"product_cat","embeddable":true,"href":"https:\/\/testlnm.lt\/en\/wp-json\/wp\/v2\/product_cat?post=2996"},{"taxonomy":"product_tag","embeddable":true,"href":"https:\/\/testlnm.lt\/en\/wp-json\/wp\/v2\/product_tag?post=2996"}],"curies":[{"name":"wp","href":"https:\/\/api.w.org\/{rel}","templated":true}]}}