{"id":301,"date":"2021-09-02T13:40:43","date_gmt":"2021-09-02T10:40:43","guid":{"rendered":"https:\/\/testlnm.lt\/?post_type=product&#038;p=301"},"modified":"2026-04-01T11:44:41","modified_gmt":"2026-04-01T08:44:41","slug":"prehistoric-lithuania-archaeology-exposition-guide-2","status":"publish","type":"product","link":"https:\/\/testlnm.lt\/en\/product\/prehistoric-lithuania-archaeology-exposition-guide-2\/","title":{"rendered":"Prehistoric Lithuania. Archaeology exposition guide"},"content":{"rendered":"<p>The illustrated guide reviews the new Archaeology Exposition, which represents Lithuania from the 11 th millennium B.C. till the formation of the statehood in the 13th century. The book includes a list of archeological monuments displayed at the exposition.<\/p>","protected":false},"excerpt":{"rendered":"<p>Prehistoric Lithuania. Archaeology exposition guide<\/p>\n<p>Exposition guides<\/p>\n<p>Vilnius, 2019. 156 pages, English, ISBN 978-609-478-030-1<\/p>\n<p>Prepared by Egl\u0117 Griciuvien\u0117. Translator Jeffrey Clarke. Designer Ar\u016bnas Prelgauskas<\/p>\n<p>&nbsp;<\/p>","protected":false},"featured_media":634,"template":"","meta":{"_acf_changed":false,"inline_featured_image":false},"product_brand":[],"product_cat":[34,19,183,72],"product_tag":[83,84],"class_list":{"0":"post-301","1":"product","2":"type-product","3":"status-publish","4":"has-post-thumbnail","6":"product_cat-archeologija","7":"product_cat-leidiniai","8":"product_cat-leidiniai-anglu-kalba","9":"product_cat-parodu-katalogai-ir-kspoziciju-vadovai","10":"product_tag-archeologija","11":"product_tag-parodu-katalogai","13":"first","14":"instock","15":"taxable","16":"shipping-taxable","17":"purchasable","18":"product-type-simple"},"acf":[],"_links":{"self":[{"href":"https:\/\/testlnm.lt\/en\/wp-json\/wp\/v2\/product\/301","targetHints":{"allow":["GET"]}}],"collection":[{"href":"https:\/\/testlnm.lt\/en\/wp-json\/wp\/v2\/product"}],"about":[{"href":"https:\/\/testlnm.lt\/en\/wp-json\/wp\/v2\/types\/product"}],"wp:featuredmedia":[{"embeddable":true,"href":"https:\/\/testlnm.lt\/en\/wp-json\/wp\/v2\/media\/634"}],"wp:attachment":[{"href":"https:\/\/testlnm.lt\/en\/wp-json\/wp\/v2\/media?parent=301"}],"wp:term":[{"taxonomy":"product_brand","embeddable":true,"href":"https:\/\/testlnm.lt\/en\/wp-json\/wp\/v2\/product_brand?post=301"},{"taxonomy":"product_cat","embeddable":true,"href":"https:\/\/testlnm.lt\/en\/wp-json\/wp\/v2\/product_cat?post=301"},{"taxonomy":"product_tag","embeddable":true,"href":"https:\/\/testlnm.lt\/en\/wp-json\/wp\/v2\/product_tag?post=301"}],"curies":[{"name":"wp","href":"https:\/\/api.w.org\/{rel}","templated":true}]}}