{"id":302,"date":"2021-09-01T17:36:10","date_gmt":"2021-09-01T14:36:10","guid":{"rendered":"https:\/\/testlnm.lt\/?post_type=product&#038;p=302"},"modified":"2026-04-01T11:44:58","modified_gmt":"2026-04-01T08:44:58","slug":"302","status":"publish","type":"product","link":"https:\/\/testlnm.lt\/en\/product\/302\/","title":{"rendered":"Gediminas Vaitkevi\u010dius. The founding of Vilnius"},"content":{"rendered":"<p>Why was Vilnius founded and how was it done \u2013 these are the main questions examined in this study. Vilnius was first mentioned in written sources on January 25, 1323, after the state had already been established and the Gediminas dynasty had established itself. And what was happening in this area before that time, what were the beginnings of the city and when did they appear? The book also touches on other topics related to the founding of the city: the formation of the state, the establishment of the monarchy, the transition of Baltic society from a tribal community to a feudal society.<\/p>","protected":false},"excerpt":{"rendered":"<p>Gediminas Vaitkevi\u010dius. The founding of Vilnius<\/p>\n<p>Vilnius notebooks<\/p>\n<p>Vilnius, 2010. Vilnius notebooks \/ 1, 126 p., Lithuanian, summaries in English, ISBN 978-609-8039-06-1.<\/p>\n<p>Artist: Vida Kurait\u0117. Editor: Nijol\u0117 Deveikien\u0117.<\/p>\n<p>&nbsp;<\/p>","protected":false},"featured_media":636,"template":"","meta":{"_acf_changed":false,"inline_featured_image":false},"product_brand":[],"product_cat":[25,34,23,19],"product_tag":[80,87],"class_list":{"0":"post-302","1":"product","2":"type-product","3":"status-publish","4":"has-post-thumbnail","6":"product_cat-apie-vilniu","7":"product_cat-archeologija","8":"product_cat-istorija","9":"product_cat-leidiniai","10":"product_tag-istorija","11":"product_tag-vilnius","13":"first","14":"outofstock","15":"taxable","16":"shipping-taxable","17":"purchasable","18":"product-type-simple"},"acf":[],"_links":{"self":[{"href":"https:\/\/testlnm.lt\/en\/wp-json\/wp\/v2\/product\/302","targetHints":{"allow":["GET"]}}],"collection":[{"href":"https:\/\/testlnm.lt\/en\/wp-json\/wp\/v2\/product"}],"about":[{"href":"https:\/\/testlnm.lt\/en\/wp-json\/wp\/v2\/types\/product"}],"wp:featuredmedia":[{"embeddable":true,"href":"https:\/\/testlnm.lt\/en\/wp-json\/wp\/v2\/media\/636"}],"wp:attachment":[{"href":"https:\/\/testlnm.lt\/en\/wp-json\/wp\/v2\/media?parent=302"}],"wp:term":[{"taxonomy":"product_brand","embeddable":true,"href":"https:\/\/testlnm.lt\/en\/wp-json\/wp\/v2\/product_brand?post=302"},{"taxonomy":"product_cat","embeddable":true,"href":"https:\/\/testlnm.lt\/en\/wp-json\/wp\/v2\/product_cat?post=302"},{"taxonomy":"product_tag","embeddable":true,"href":"https:\/\/testlnm.lt\/en\/wp-json\/wp\/v2\/product_tag?post=302"}],"curies":[{"name":"wp","href":"https:\/\/api.w.org\/{rel}","templated":true}]}}