{"id":3029,"date":"2024-11-20T11:11:23","date_gmt":"2024-11-20T09:11:23","guid":{"rendered":"https:\/\/testlnm.lt\/?post_type=product&#038;p=3029"},"modified":"2026-04-21T13:24:09","modified_gmt":"2026-04-21T10:24:09","slug":"kijevo-rusia-pradzia-tarptautines-parodos-katalogas-kyivan-rus-origins-an-international-exhibition-catalogue","status":"publish","type":"product","link":"https:\/\/testlnm.lt\/en\/product\/kijevo-rusia-pradzia-tarptautines-parodos-katalogas-kyivan-rus-origins-an-international-exhibition-catalogue\/","title":{"rendered":"Kyivan Rus\u2019. Origins. An International Exhibition Catalogue"},"content":{"rendered":"<p>The catalogue of the international exhibition \"Kievan Rus'. The Beginning\" presents the history of this rich and multicultural early medieval Eastern European state, which is located in present-day Ukraine, based on scientific research, written sources, and authentic archaeological exhibits.<\/p>\n<p>The catalogue reviews individual themes presenting the most important processes of almost 500 years of history: the history of origin influenced by external forces (Scandinavians, Balts, Finns) and internal forces (Slavs); connections with Scandinavia and the Viking tradition of rule; connections with the lands of the present-day Baltic States; collapse and echoes of the continuation of traditions in the Grand Duchy of Lithuania. The exhibition displays and catalogues more than 700 exhibits from almost two dozen museums and institutions from seven countries.<\/p>\n<p>The catalog is published in Lithuanian and English.<\/p>","protected":false},"excerpt":{"rendered":"<p>Vilnius, 2024, 336 p., lietuvi\u0173, angl\u0173 k. ISBN 978-609-478-085-1.<\/p>\n<p>Compiled by Dr. R\u016bta Ka\u010dkut\u0117, Sigita Mik\u0161ait\u0117, Egl\u0117 Zaveckien\u0117, editor Nijol\u0117 Deveikien\u0117, translators Darius Su\u017eied\u0117lis, Sigita Mik\u0161ait\u0117, designer Justina Bruk\u0161tut\u0117-\u0160imk\u0117, layout designer Edita Gu\u017eait\u0117.<\/p>","protected":false},"featured_media":3043,"template":"","meta":{"_acf_changed":false,"inline_featured_image":false},"product_brand":[],"product_cat":[34,23,19,183,147,174,72],"product_tag":[],"class_list":{"0":"post-3029","1":"product","2":"type-product","3":"status-publish","4":"has-post-thumbnail","6":"product_cat-archeologija","7":"product_cat-istorija","8":"product_cat-leidiniai","9":"product_cat-leidiniai-anglu-kalba","10":"product_cat-naujausi-leidiniai","11":"product_cat-naujienos","12":"product_cat-parodu-katalogai-ir-kspoziciju-vadovai","14":"first","15":"instock","16":"taxable","17":"shipping-taxable","18":"purchasable","19":"product-type-simple"},"acf":[],"_links":{"self":[{"href":"https:\/\/testlnm.lt\/en\/wp-json\/wp\/v2\/product\/3029","targetHints":{"allow":["GET"]}}],"collection":[{"href":"https:\/\/testlnm.lt\/en\/wp-json\/wp\/v2\/product"}],"about":[{"href":"https:\/\/testlnm.lt\/en\/wp-json\/wp\/v2\/types\/product"}],"wp:featuredmedia":[{"embeddable":true,"href":"https:\/\/testlnm.lt\/en\/wp-json\/wp\/v2\/media\/3043"}],"wp:attachment":[{"href":"https:\/\/testlnm.lt\/en\/wp-json\/wp\/v2\/media?parent=3029"}],"wp:term":[{"taxonomy":"product_brand","embeddable":true,"href":"https:\/\/testlnm.lt\/en\/wp-json\/wp\/v2\/product_brand?post=3029"},{"taxonomy":"product_cat","embeddable":true,"href":"https:\/\/testlnm.lt\/en\/wp-json\/wp\/v2\/product_cat?post=3029"},{"taxonomy":"product_tag","embeddable":true,"href":"https:\/\/testlnm.lt\/en\/wp-json\/wp\/v2\/product_tag?post=3029"}],"curies":[{"name":"wp","href":"https:\/\/api.w.org\/{rel}","templated":true}]}}