{"id":3046,"date":"2024-11-20T11:21:52","date_gmt":"2024-11-20T09:21:52","guid":{"rendered":"https:\/\/testlnm.lt\/?post_type=product&#038;p=3046"},"modified":"2026-04-01T11:44:26","modified_gmt":"2026-04-01T08:44:26","slug":"gintaro-kelias-nuo-romos-iki-baltijos","status":"publish","type":"product","link":"https:\/\/testlnm.lt\/en\/product\/gintaro-kelias-nuo-romos-iki-baltijos\/","title":{"rendered":"R\u016bta Ka\u010dkut\u0117. The Amber Road: from Rome to the Baltics"},"content":{"rendered":"<p>For children aged 6\u201312.<\/p>\n<p>How to please the Roman emperor Nero, who wants to prove to everyone that he is the most powerful and richest ruler in the world? You won't surprise anyone with silver and gold, but amber is a real rarity, a luxury item. But where can you get enough of it to decorate the entire amphitheater where Nero intends to hold grand gladiatorial fights?<\/p>\n<p>The informative book tells the story of the amber route and the long, tiring and unexpected journey of the ancient Romans all the way to the Baltic lands, which the emperor's soldiers and merchants embarked on with the task of transporting amber to the great Rome.<\/p>\n<p>The book introduces readers to the culture of the ancient Romans and our ancestors, the Balts, and in recreating the ancient Roman journey along the Amber Road, it draws on ancient stories and provides interesting details and facts, such as where the soldiers lived, what weapons they carried, what goods they transported for exchange, and what challenges they faced along the way.<\/p>\n<p>Historian and Director of the National Museum of Lithuania, Dr. R\u016bta Ka\u010dkut\u0117, was inspired to write this book by the international exhibition \u201c1,000,000 Steps: The Amber Road from Rome to the Baltics\u201d curated by her and her colleague Sigita Bagu\u017eaite-Tala\u010dkiene at the National Museum of Lithuania.<\/p>","protected":false},"excerpt":{"rendered":"<p>Vilnius, 2024, Alma littera, 64 psl., lietuvi\u0173 k., ISBN 978-609-01-6032-9.<\/p>\n<p>Author: R\u016bta Ka\u010dkut\u0117, illustrated by Egl\u0117 Rud\u017eionyt\u0117-Me\u0161k\u0117lien\u0117, Reda Tomingas<\/p>","protected":false},"featured_media":3037,"template":"","meta":{"_acf_changed":false,"inline_featured_image":false},"product_brand":[],"product_cat":[34,23,19,147,174,21],"product_tag":[],"class_list":{"0":"post-3046","1":"product","2":"type-product","3":"status-publish","4":"has-post-thumbnail","6":"product_cat-archeologija","7":"product_cat-istorija","8":"product_cat-leidiniai","9":"product_cat-naujausi-leidiniai","10":"product_cat-naujienos","11":"product_cat-vaikams","13":"first","14":"outofstock","15":"taxable","16":"shipping-taxable","17":"purchasable","18":"product-type-simple"},"acf":[],"_links":{"self":[{"href":"https:\/\/testlnm.lt\/en\/wp-json\/wp\/v2\/product\/3046","targetHints":{"allow":["GET"]}}],"collection":[{"href":"https:\/\/testlnm.lt\/en\/wp-json\/wp\/v2\/product"}],"about":[{"href":"https:\/\/testlnm.lt\/en\/wp-json\/wp\/v2\/types\/product"}],"wp:featuredmedia":[{"embeddable":true,"href":"https:\/\/testlnm.lt\/en\/wp-json\/wp\/v2\/media\/3037"}],"wp:attachment":[{"href":"https:\/\/testlnm.lt\/en\/wp-json\/wp\/v2\/media?parent=3046"}],"wp:term":[{"taxonomy":"product_brand","embeddable":true,"href":"https:\/\/testlnm.lt\/en\/wp-json\/wp\/v2\/product_brand?post=3046"},{"taxonomy":"product_cat","embeddable":true,"href":"https:\/\/testlnm.lt\/en\/wp-json\/wp\/v2\/product_cat?post=3046"},{"taxonomy":"product_tag","embeddable":true,"href":"https:\/\/testlnm.lt\/en\/wp-json\/wp\/v2\/product_tag?post=3046"}],"curies":[{"name":"wp","href":"https:\/\/api.w.org\/{rel}","templated":true}]}}