{"id":305,"date":"2021-09-01T19:08:46","date_gmt":"2021-09-01T16:08:46","guid":{"rendered":"https:\/\/testlnm.lt\/?post_type=product&#038;p=305"},"modified":"2026-03-27T16:39:24","modified_gmt":"2026-03-27T14:39:24","slug":"liaudies-meistre-odeta-tumenaite-brazeniene-karpiniai-raiziniai-marguciai","status":"publish","type":"product","link":"https:\/\/testlnm.lt\/en\/product\/liaudies-meistre-odeta-tumenaite-brazeniene-karpiniai-raiziniai-marguciai\/","title":{"rendered":"Liaudies meistr\u0117 Odeta Tum\u0117nait\u0117-Bra\u017e\u0117nien\u0117: karpiniai, rai\u017einiai, margu\u010diai"},"content":{"rendered":"<p>Katalogas supa\u017eindina su \u012fvairiapuse liaudies meistr\u0117s Odetos Tum\u0117nait\u0117s-Bra\u017e\u0117nien\u0117s k\u016bryba. \u0160ia knyga pradedama nauja Lietuvos nacionalinio muziejaus leidini\u0173 serija \u201eTradicijos ir dabartis\u201c, kuri bus skirta liaudies meno tyrin\u0117jimams ir pa\u017ein\u010diai su liaudies meistrais, geban\u010diais naudotis tradiciniu palikimu ir praturtinan\u010diais j\u012f savo k\u016brybos savitumu.<\/p>","protected":false},"excerpt":{"rendered":"<p>Liaudies meistr\u0117 Odeta Tum\u0117nait\u0117-Bra\u017e\u0117nien\u0117: karpiniai, rai\u017einiai, margu\u010diai<\/p>\n<p>Leidini\u0173 serija: Tradicijos ir dabartis<\/p>\n<p>Vilnius, 2014 m. Tradicijos ir dabartis &#8211; 1, 216 p., lietuvi\u0173 k., santr. angl\u0173 k., ISSN 2351-728X; ISBN 978-609-8039-56-6.<\/p>\n<p>Compiler: Violeta Dubnikien\u0117. Artist: Ar\u016bnas Prelgauskas. Editor: Maryt\u0117 Slu\u0161inskait\u0117.<\/p>\n<p>&nbsp;<\/p>","protected":false},"featured_media":638,"template":"","meta":{"_acf_changed":false,"inline_featured_image":false},"product_brand":[],"product_cat":[70,19,74],"product_tag":[],"class_list":{"0":"post-305","1":"product","2":"type-product","3":"status-publish","4":"has-post-thumbnail","6":"product_cat-etnografija","7":"product_cat-leidiniai","8":"product_cat-menas-architektura","10":"first","11":"instock","12":"taxable","13":"shipping-taxable","14":"purchasable","15":"product-type-simple"},"acf":[],"_links":{"self":[{"href":"https:\/\/testlnm.lt\/en\/wp-json\/wp\/v2\/product\/305","targetHints":{"allow":["GET"]}}],"collection":[{"href":"https:\/\/testlnm.lt\/en\/wp-json\/wp\/v2\/product"}],"about":[{"href":"https:\/\/testlnm.lt\/en\/wp-json\/wp\/v2\/types\/product"}],"wp:featuredmedia":[{"embeddable":true,"href":"https:\/\/testlnm.lt\/en\/wp-json\/wp\/v2\/media\/638"}],"wp:attachment":[{"href":"https:\/\/testlnm.lt\/en\/wp-json\/wp\/v2\/media?parent=305"}],"wp:term":[{"taxonomy":"product_brand","embeddable":true,"href":"https:\/\/testlnm.lt\/en\/wp-json\/wp\/v2\/product_brand?post=305"},{"taxonomy":"product_cat","embeddable":true,"href":"https:\/\/testlnm.lt\/en\/wp-json\/wp\/v2\/product_cat?post=305"},{"taxonomy":"product_tag","embeddable":true,"href":"https:\/\/testlnm.lt\/en\/wp-json\/wp\/v2\/product_tag?post=305"}],"curies":[{"name":"wp","href":"https:\/\/api.w.org\/{rel}","templated":true}]}}