{"id":306,"date":"2021-09-01T19:28:24","date_gmt":"2021-09-01T16:28:24","guid":{"rendered":"https:\/\/testlnm.lt\/?post_type=product&#038;p=306"},"modified":"2026-04-01T11:44:51","modified_gmt":"2026-04-01T08:44:51","slug":"liaudies-meistras-jonas-bugailiskis","status":"publish","type":"product","link":"https:\/\/testlnm.lt\/en\/product\/liaudies-meistras-jonas-bugailiskis\/","title":{"rendered":"Folk Artist Jonas Bugaili\u0161kis"},"content":{"rendered":"<p>The second publication in the Lithuanian National Museum's series \"Traditions and Present\" focuses on the diverse creative work and educational activities of folk artist Jonas Bugaili\u0161kis. Readers are introduced to his created crosses and sculptures, reconstructed and traditional Lithuanian musical instruments, copies of toys, unusual-shaped distaffs, Shrove Tuesday masks, and works reflecting the artist's relationship with nature and belief.<\/p>","protected":false},"excerpt":{"rendered":"<p>Folk Artist Jonas Bugaili\u0161kis<\/p>\n<p>Tradition and the Present<\/p>\n<p>Vilnius, 2015. Tradition and the Present \u2013 2, 208 p., Lithuanian, summary in English, ISSN 2351-728X; ISBN 978-609-8039-66-5.<\/p>\n<p>Compiler: Elvyda Lazauskait\u0117. Artist: Ar\u016bnas Prelgauskas. Editor: Maryt\u0117 Slu\u0161inskait\u0117.<\/p>\n<p>&nbsp;<\/p>","protected":false},"featured_media":639,"template":"","meta":{"_acf_changed":false,"inline_featured_image":false},"product_brand":[],"product_cat":[70,19,74],"product_tag":[79,86],"class_list":{"0":"post-306","1":"product","2":"type-product","3":"status-publish","4":"has-post-thumbnail","6":"product_cat-etnografija","7":"product_cat-leidiniai","8":"product_cat-menas-architektura","9":"product_tag-etnografija","10":"product_tag-menas","12":"first","13":"instock","14":"taxable","15":"shipping-taxable","16":"purchasable","17":"product-type-simple"},"acf":[],"_links":{"self":[{"href":"https:\/\/testlnm.lt\/en\/wp-json\/wp\/v2\/product\/306","targetHints":{"allow":["GET"]}}],"collection":[{"href":"https:\/\/testlnm.lt\/en\/wp-json\/wp\/v2\/product"}],"about":[{"href":"https:\/\/testlnm.lt\/en\/wp-json\/wp\/v2\/types\/product"}],"wp:featuredmedia":[{"embeddable":true,"href":"https:\/\/testlnm.lt\/en\/wp-json\/wp\/v2\/media\/639"}],"wp:attachment":[{"href":"https:\/\/testlnm.lt\/en\/wp-json\/wp\/v2\/media?parent=306"}],"wp:term":[{"taxonomy":"product_brand","embeddable":true,"href":"https:\/\/testlnm.lt\/en\/wp-json\/wp\/v2\/product_brand?post=306"},{"taxonomy":"product_cat","embeddable":true,"href":"https:\/\/testlnm.lt\/en\/wp-json\/wp\/v2\/product_cat?post=306"},{"taxonomy":"product_tag","embeddable":true,"href":"https:\/\/testlnm.lt\/en\/wp-json\/wp\/v2\/product_tag?post=306"}],"curies":[{"name":"wp","href":"https:\/\/api.w.org\/{rel}","templated":true}]}}