{"id":3066,"date":"2024-11-25T15:34:39","date_gmt":"2024-11-25T13:34:39","guid":{"rendered":"https:\/\/testlnm.lt\/?post_type=product&#038;p=3066"},"modified":"2026-04-17T09:20:46","modified_gmt":"2026-04-17T06:20:46","slug":"uzrasu-knygele-kijevo-rusia-pradzia","status":"publish","type":"product","link":"https:\/\/testlnm.lt\/en\/product\/uzrasu-knygele-kijevo-rusia-pradzia\/","title":{"rendered":"Notebook \"Kievan Rus. The Beginning\""},"content":{"rendered":"<p>A hardcover notebook was created for the international exhibition \"Kiev Rus'. The Beginning\".<\/p>\n<p>Format A5, number of sheets 96.<\/p>","protected":false},"excerpt":{"rendered":"<p>Tarptautinei parodai \u201eKijevo Rusia. Prad\u017eia\u201c sukurta u\u017era\u0161\u0173 knygel\u0117 kietu vir\u0161eliu.  [&#8230;]<\/p>\n","protected":false},"featured_media":3071,"template":"","meta":{"_acf_changed":false,"inline_featured_image":false},"product_brand":[],"product_cat":[20,174],"product_tag":[],"class_list":{"0":"post-3066","1":"product","2":"type-product","3":"status-publish","4":"has-post-thumbnail","6":"product_cat-dovanos-suvenyrai","7":"product_cat-naujienos","9":"first","10":"instock","11":"taxable","12":"shipping-taxable","13":"purchasable","14":"product-type-simple"},"acf":[],"_links":{"self":[{"href":"https:\/\/testlnm.lt\/en\/wp-json\/wp\/v2\/product\/3066","targetHints":{"allow":["GET"]}}],"collection":[{"href":"https:\/\/testlnm.lt\/en\/wp-json\/wp\/v2\/product"}],"about":[{"href":"https:\/\/testlnm.lt\/en\/wp-json\/wp\/v2\/types\/product"}],"wp:featuredmedia":[{"embeddable":true,"href":"https:\/\/testlnm.lt\/en\/wp-json\/wp\/v2\/media\/3071"}],"wp:attachment":[{"href":"https:\/\/testlnm.lt\/en\/wp-json\/wp\/v2\/media?parent=3066"}],"wp:term":[{"taxonomy":"product_brand","embeddable":true,"href":"https:\/\/testlnm.lt\/en\/wp-json\/wp\/v2\/product_brand?post=3066"},{"taxonomy":"product_cat","embeddable":true,"href":"https:\/\/testlnm.lt\/en\/wp-json\/wp\/v2\/product_cat?post=3066"},{"taxonomy":"product_tag","embeddable":true,"href":"https:\/\/testlnm.lt\/en\/wp-json\/wp\/v2\/product_tag?post=3066"}],"curies":[{"name":"wp","href":"https:\/\/api.w.org\/{rel}","templated":true}]}}