{"id":307,"date":"2021-09-02T09:25:07","date_gmt":"2021-09-02T06:25:07","guid":{"rendered":"https:\/\/testlnm.lt\/?post_type=product&#038;p=307"},"modified":"2026-04-01T11:44:50","modified_gmt":"2026-04-01T08:44:50","slug":"liaudies-meistrai-angele-ir-vytautas-raukciai","status":"publish","type":"product","link":"https:\/\/testlnm.lt\/en\/product\/liaudies-meistrai-angele-ir-vytautas-raukciai\/","title":{"rendered":"Folk Artists Angel\u0117 and Vytautas Rauk\u010diai"},"content":{"rendered":"<p>This is the third publication in the series \"Traditions and Present\" by the Lithuanian National Museum, dedicated to the research of folk art and acquaintance with folk artists who are skilled in using traditional heritage and enriching it with their creative uniqueness.<\/p>\n<p>This publication introduces the multifaceted creative work of folk artists Angel\u0117 and Vytautas Rauk\u010diai.<\/p>","protected":false},"excerpt":{"rendered":"<p>Folk Artists Angel\u0117 and Vytautas Rauk\u010diai<\/p>\n<p>Tradition and the Present<\/p>\n<p>Vilnius, 2016. Traditions and the Present\u2013 3, 192 p., Lithuanian, summary in English, ISSN 2351-728X; ISBN 978-609-8039-79-5<\/p>\n<p>Compiler: Violeta Dubnikien\u0117. Artist: Ar\u016bnas Prelgauskas. Editor: Maryt\u0117 Slu\u0161inskait\u0117.<\/p>\n<p>&nbsp;<\/p>","protected":false},"featured_media":589,"template":"","meta":{"_acf_changed":false,"inline_featured_image":false},"product_brand":[],"product_cat":[70,19,74],"product_tag":[79,86],"class_list":{"0":"post-307","1":"product","2":"type-product","3":"status-publish","4":"has-post-thumbnail","6":"product_cat-etnografija","7":"product_cat-leidiniai","8":"product_cat-menas-architektura","9":"product_tag-etnografija","10":"product_tag-menas","12":"first","13":"instock","14":"taxable","15":"shipping-taxable","16":"purchasable","17":"product-type-simple"},"acf":[],"_links":{"self":[{"href":"https:\/\/testlnm.lt\/en\/wp-json\/wp\/v2\/product\/307","targetHints":{"allow":["GET"]}}],"collection":[{"href":"https:\/\/testlnm.lt\/en\/wp-json\/wp\/v2\/product"}],"about":[{"href":"https:\/\/testlnm.lt\/en\/wp-json\/wp\/v2\/types\/product"}],"wp:featuredmedia":[{"embeddable":true,"href":"https:\/\/testlnm.lt\/en\/wp-json\/wp\/v2\/media\/589"}],"wp:attachment":[{"href":"https:\/\/testlnm.lt\/en\/wp-json\/wp\/v2\/media?parent=307"}],"wp:term":[{"taxonomy":"product_brand","embeddable":true,"href":"https:\/\/testlnm.lt\/en\/wp-json\/wp\/v2\/product_brand?post=307"},{"taxonomy":"product_cat","embeddable":true,"href":"https:\/\/testlnm.lt\/en\/wp-json\/wp\/v2\/product_cat?post=307"},{"taxonomy":"product_tag","embeddable":true,"href":"https:\/\/testlnm.lt\/en\/wp-json\/wp\/v2\/product_tag?post=307"}],"curies":[{"name":"wp","href":"https:\/\/api.w.org\/{rel}","templated":true}]}}