{"id":308,"date":"2021-09-02T12:50:17","date_gmt":"2021-09-02T09:50:17","guid":{"rendered":"https:\/\/testlnm.lt\/?post_type=product&#038;p=308"},"modified":"2026-04-01T11:44:43","modified_gmt":"2026-04-01T08:44:43","slug":"liaudies-meistre-regina-zvirbliene-mezginiai-skiautiniai","status":"publish","type":"product","link":"https:\/\/testlnm.lt\/en\/product\/liaudies-meistre-regina-zvirbliene-mezginiai-skiautiniai\/","title":{"rendered":"Folk Artist Regina \u017dvirblien\u0117: Knitwear and Quilts"},"content":{"rendered":"<p>This publication introduces Regina \u017dvirbliene, a member of the Ukmerg\u0117 Folk Artists' Society, who promotes folk traditions. R. \u017dvirblien\u0117 is a member of the Lithuanian Folk Artists' Union, a master of traditional crafts, whose knitwear and lace are certified as products of national heritage. She is also known as a quilter, a regular participant in exhibitions and competitions, and devotes a lot of her time to the promotion of handicrafts and training.<\/p>","protected":false},"excerpt":{"rendered":"<p>Folk Artist Regina \u017dvirblien\u0117: Knitwear and Quilts<\/p>\n<p>Tradition and the Present<\/p>\n<p>Vilnius, 2018. Tradition and the Present \u2013 6, 112 p., Lithuanian, summary in English, ISSN 2351-728X; ISBN 978-609-478-021-9<\/p>\n<p>Compiler: Elvyda Lazauskait\u0117. Artist: Ar\u016bnas Prelgauskas. Editor: Maryt\u0117 Slu\u0161inskait\u0117.<\/p>\n<p>&nbsp;<\/p>","protected":false},"featured_media":640,"template":"","meta":{"_acf_changed":false,"inline_featured_image":false},"product_brand":[],"product_cat":[70,73,19,74],"product_tag":[79,86],"class_list":{"0":"post-308","1":"product","2":"type-product","3":"status-publish","4":"has-post-thumbnail","6":"product_cat-etnografija","7":"product_cat-kiti-leidiniai","8":"product_cat-leidiniai","9":"product_cat-menas-architektura","10":"product_tag-etnografija","11":"product_tag-menas","13":"first","14":"instock","15":"taxable","16":"shipping-taxable","17":"purchasable","18":"product-type-simple"},"acf":[],"_links":{"self":[{"href":"https:\/\/testlnm.lt\/en\/wp-json\/wp\/v2\/product\/308","targetHints":{"allow":["GET"]}}],"collection":[{"href":"https:\/\/testlnm.lt\/en\/wp-json\/wp\/v2\/product"}],"about":[{"href":"https:\/\/testlnm.lt\/en\/wp-json\/wp\/v2\/types\/product"}],"wp:featuredmedia":[{"embeddable":true,"href":"https:\/\/testlnm.lt\/en\/wp-json\/wp\/v2\/media\/640"}],"wp:attachment":[{"href":"https:\/\/testlnm.lt\/en\/wp-json\/wp\/v2\/media?parent=308"}],"wp:term":[{"taxonomy":"product_brand","embeddable":true,"href":"https:\/\/testlnm.lt\/en\/wp-json\/wp\/v2\/product_brand?post=308"},{"taxonomy":"product_cat","embeddable":true,"href":"https:\/\/testlnm.lt\/en\/wp-json\/wp\/v2\/product_cat?post=308"},{"taxonomy":"product_tag","embeddable":true,"href":"https:\/\/testlnm.lt\/en\/wp-json\/wp\/v2\/product_tag?post=308"}],"curies":[{"name":"wp","href":"https:\/\/api.w.org\/{rel}","templated":true}]}}