{"id":309,"date":"2021-09-02T12:55:25","date_gmt":"2021-09-02T09:55:25","guid":{"rendered":"https:\/\/testlnm.lt\/?post_type=product&#038;p=309"},"modified":"2026-04-01T11:44:43","modified_gmt":"2026-04-01T08:44:43","slug":"medzio-drozejas-dovydas-teresius-skulpturos-siuzetines-kompozicijos","status":"publish","type":"product","link":"https:\/\/testlnm.lt\/en\/product\/medzio-drozejas-dovydas-teresius-skulpturos-siuzetines-kompozicijos\/","title":{"rendered":"Wood Carver Dovyas Teresius: Sculptures, Scenic Compositions"},"content":{"rendered":"<p>This publication of the National Museum of Lithuania's series \"Traditions and the Present\" introduces the younger generation of woodcarver Dovydas Teresius (1989-2008), a folk artist who was noticed from his childhood and showed great promise. He created sculptures and compositions of sacred and secular content, which he carved with the immediacy, expressiveness and sincerity typical of naive art. The works of Dovydas Teresius reflect the world as perceived by the artist over the course of nineteen years, with its inner light, concept of truth, goodness and beauty.<\/p>","protected":false},"excerpt":{"rendered":"<p>Wood Carver Dovyas Teresius: Sculptures, Scenic Compositions<\/p>\n<p>Tradition and the Present<\/p>\n<p>Vilnius, 2018. Tradition and the Present \u2013 5, 96 p., Lithuanian, summary in English, ISSN 2351-728X; ISBN 978-609-478-017-2<\/p>\n<p>Compiler: Elvyda Lazauskait\u0117. Artist: Ar\u016bnas Prelgauskas. Editor: Maryt\u0117 Slu\u0161inskait\u0117.<\/p>","protected":false},"featured_media":641,"template":"","meta":{"_acf_changed":false,"inline_featured_image":false},"product_brand":[],"product_cat":[70,73,19,74],"product_tag":[79,86],"class_list":{"0":"post-309","1":"product","2":"type-product","3":"status-publish","4":"has-post-thumbnail","6":"product_cat-etnografija","7":"product_cat-kiti-leidiniai","8":"product_cat-leidiniai","9":"product_cat-menas-architektura","10":"product_tag-etnografija","11":"product_tag-menas","13":"first","14":"instock","15":"taxable","16":"shipping-taxable","17":"purchasable","18":"product-type-simple"},"acf":[],"_links":{"self":[{"href":"https:\/\/testlnm.lt\/en\/wp-json\/wp\/v2\/product\/309","targetHints":{"allow":["GET"]}}],"collection":[{"href":"https:\/\/testlnm.lt\/en\/wp-json\/wp\/v2\/product"}],"about":[{"href":"https:\/\/testlnm.lt\/en\/wp-json\/wp\/v2\/types\/product"}],"wp:featuredmedia":[{"embeddable":true,"href":"https:\/\/testlnm.lt\/en\/wp-json\/wp\/v2\/media\/641"}],"wp:attachment":[{"href":"https:\/\/testlnm.lt\/en\/wp-json\/wp\/v2\/media?parent=309"}],"wp:term":[{"taxonomy":"product_brand","embeddable":true,"href":"https:\/\/testlnm.lt\/en\/wp-json\/wp\/v2\/product_brand?post=309"},{"taxonomy":"product_cat","embeddable":true,"href":"https:\/\/testlnm.lt\/en\/wp-json\/wp\/v2\/product_cat?post=309"},{"taxonomy":"product_tag","embeddable":true,"href":"https:\/\/testlnm.lt\/en\/wp-json\/wp\/v2\/product_tag?post=309"}],"curies":[{"name":"wp","href":"https:\/\/api.w.org\/{rel}","templated":true}]}}