{"id":310,"date":"2021-09-02T13:00:24","date_gmt":"2021-09-02T10:00:24","guid":{"rendered":"https:\/\/testlnm.lt\/?post_type=product&#038;p=310"},"modified":"2026-04-01T11:44:42","modified_gmt":"2026-04-01T08:44:42","slug":"liaudies-meistre-nijole-jureniene-karpiniai-raiziniai-marguciai-siaudinukai-akvareles","status":"publish","type":"product","link":"https:\/\/testlnm.lt\/en\/product\/liaudies-meistre-nijole-jureniene-karpiniai-raiziniai-marguciai-siaudinukai-akvareles\/","title":{"rendered":"Folk Artist Nijol\u0117 Jur\u0117nien\u0117: Carvings, Engravings, Easter Eggs, Straw Cakes, Watercolours"},"content":{"rendered":"<p>Nijol\u0117 Angel\u0117 Jur\u0117nien\u0117, a folk artist and master of traditional crafts, has been engaged in a wide range of creative activities for fifty years. She has been cutting paper carvings, carving carvings, painting Easter eggs, casting monotypes, making straw gardens, creating herbal paintings and toys, actively participating in exhibitions and educational activities. The National Museum of Lithuania has a collection of Easter eggs, paper carvings, carvings and gardens by Folk Master Nijol\u0117 Jur\u0117nien\u0117.<\/p>","protected":false},"excerpt":{"rendered":"<p>Folk Artist Nijol\u0117 Jur\u0117nien\u0117: Carvings, Engravings, Easter Eggs, Straw Cakes, Watercolours<\/p>\n<p>Tradition and the Present<\/p>\n<p>Vilnius, 2018. Tradition and the Present \u2013 4, 184 p., Lithuanian, summaries in English, ISSN 2351-728X; ISBN 978-609-478-023-3<\/p>\n<p>Compiler: Violeta Dubnikien\u0117. Artist: Ar\u016bnas Prelgauskas. Editor: Maryt\u0117 Slu\u0161inskait\u0117.<\/p>","protected":false},"featured_media":642,"template":"","meta":{"_acf_changed":false,"inline_featured_image":false},"product_brand":[],"product_cat":[70,73,19,74],"product_tag":[79,86],"class_list":{"0":"post-310","1":"product","2":"type-product","3":"status-publish","4":"has-post-thumbnail","6":"product_cat-etnografija","7":"product_cat-kiti-leidiniai","8":"product_cat-leidiniai","9":"product_cat-menas-architektura","10":"product_tag-etnografija","11":"product_tag-menas","13":"first","14":"instock","15":"taxable","16":"shipping-taxable","17":"purchasable","18":"product-type-simple"},"acf":[],"_links":{"self":[{"href":"https:\/\/testlnm.lt\/en\/wp-json\/wp\/v2\/product\/310","targetHints":{"allow":["GET"]}}],"collection":[{"href":"https:\/\/testlnm.lt\/en\/wp-json\/wp\/v2\/product"}],"about":[{"href":"https:\/\/testlnm.lt\/en\/wp-json\/wp\/v2\/types\/product"}],"wp:featuredmedia":[{"embeddable":true,"href":"https:\/\/testlnm.lt\/en\/wp-json\/wp\/v2\/media\/642"}],"wp:attachment":[{"href":"https:\/\/testlnm.lt\/en\/wp-json\/wp\/v2\/media?parent=310"}],"wp:term":[{"taxonomy":"product_brand","embeddable":true,"href":"https:\/\/testlnm.lt\/en\/wp-json\/wp\/v2\/product_brand?post=310"},{"taxonomy":"product_cat","embeddable":true,"href":"https:\/\/testlnm.lt\/en\/wp-json\/wp\/v2\/product_cat?post=310"},{"taxonomy":"product_tag","embeddable":true,"href":"https:\/\/testlnm.lt\/en\/wp-json\/wp\/v2\/product_tag?post=310"}],"curies":[{"name":"wp","href":"https:\/\/api.w.org\/{rel}","templated":true}]}}