{"id":311,"date":"2021-09-02T14:30:39","date_gmt":"2021-09-02T11:30:39","guid":{"rendered":"https:\/\/testlnm.lt\/?post_type=product&#038;p=311"},"modified":"2026-04-01T11:44:39","modified_gmt":"2026-04-01T08:44:39","slug":"tautodailininke-ona-pusvaskyte-linoraiziniai-medzio-raiziniai-piesiniai","status":"publish","type":"product","link":"https:\/\/testlnm.lt\/en\/product\/tautodailininke-ona-pusvaskyte-linoraiziniai-medzio-raiziniai-piesiniai\/","title":{"rendered":"Folk Artist Ona Pusva\u0161kyt\u0117: Linocuts, Woodcuts, Drawings"},"content":{"rendered":"<p>This publication introduces Ona Pusva\u0161kyte, the promoter of folk graphic traditions, a folk artist, winner of the Pauliaus Galaun\u0117 Prize and the Golden Wreath competition, an active participant in graphic workshops and exhibitions, who has created nearly a hundred woodcuts and linocut prints, some of which she has donated to her native Mol\u0117tai region. O. Pusva\u0161kyt\u0117's work is divided into two layers - folkloric and sacral. The sources of the folklore and ethnographic themes are well-known folk songs, old village life and work. The sacred carvings are based on traditional Christian iconography.<\/p>\n<p>&nbsp;<\/p>","protected":false},"excerpt":{"rendered":"<p>Folk Artist Ona Pusva\u0161kyt\u0117: Linocuts, Woodcuts, Drawings<\/p>\n<p>Tradition and the Present<\/p>\n<p>Vilnius, 2020. 128 p., Lithuanian, summary in English, ISSN 2351-728X; ISBN 978-609-478-040-0<\/p>\n<p>Compiler: Edita Prelgauskien\u0117. Artist: Ar\u016bnas Prelgauskas. Editor: Maryt\u0117 Slu\u0161inskait\u0117.<\/p>","protected":false},"featured_media":1134,"template":"","meta":{"_acf_changed":false,"inline_featured_image":false},"product_brand":[],"product_cat":[70,19,74],"product_tag":[79,86],"class_list":{"0":"post-311","1":"product","2":"type-product","3":"status-publish","4":"has-post-thumbnail","6":"product_cat-etnografija","7":"product_cat-leidiniai","8":"product_cat-menas-architektura","9":"product_tag-etnografija","10":"product_tag-menas","12":"first","13":"instock","14":"taxable","15":"shipping-taxable","16":"purchasable","17":"product-type-simple"},"acf":[],"_links":{"self":[{"href":"https:\/\/testlnm.lt\/en\/wp-json\/wp\/v2\/product\/311","targetHints":{"allow":["GET"]}}],"collection":[{"href":"https:\/\/testlnm.lt\/en\/wp-json\/wp\/v2\/product"}],"about":[{"href":"https:\/\/testlnm.lt\/en\/wp-json\/wp\/v2\/types\/product"}],"wp:featuredmedia":[{"embeddable":true,"href":"https:\/\/testlnm.lt\/en\/wp-json\/wp\/v2\/media\/1134"}],"wp:attachment":[{"href":"https:\/\/testlnm.lt\/en\/wp-json\/wp\/v2\/media?parent=311"}],"wp:term":[{"taxonomy":"product_brand","embeddable":true,"href":"https:\/\/testlnm.lt\/en\/wp-json\/wp\/v2\/product_brand?post=311"},{"taxonomy":"product_cat","embeddable":true,"href":"https:\/\/testlnm.lt\/en\/wp-json\/wp\/v2\/product_cat?post=311"},{"taxonomy":"product_tag","embeddable":true,"href":"https:\/\/testlnm.lt\/en\/wp-json\/wp\/v2\/product_tag?post=311"}],"curies":[{"name":"wp","href":"https:\/\/api.w.org\/{rel}","templated":true}]}}