{"id":319,"date":"2021-09-01T18:49:36","date_gmt":"2021-09-01T15:49:36","guid":{"rendered":"https:\/\/testlnm.lt\/?post_type=product&#038;p=319"},"modified":"2026-04-01T11:44:55","modified_gmt":"2026-04-01T08:44:55","slug":"jan-bulhak-vilnius-ii-knyga","status":"publish","type":"product","link":"https:\/\/testlnm.lt\/en\/product\/jan-bulhak-vilnius-ii-knyga\/","title":{"rendered":"Jan Bu\u0142hak. Vilnius. 2nd Book"},"content":{"rendered":"<p>This book continues Jan Bu\u0142hak's photographic journeys through the old city. Like in the first volume, it features photographs of the Vilnius landscape and its architectural monuments. Included are panoramas of the city, streets, squares, courtyards of the old town, churches, palaces, and their interiors, revealing other equally interesting sightseeing routes through Vilnius and its suburbs\u2014Antakalnis, \u0160nipi\u0161k\u0117s, Luki\u0161k\u0117s, and \u017dv\u0117rynas, including the present-day Vingis Park. The photographic journey concludes with images of the city's most important sanctuaries\u2014the Cathedral and the adjacent square.<br \/>\nThe book presents invaluable photographs for researchers of the city's past, capturing structures and quarters that no longer exist or have been destroyed by historical events and ideological circumstances.<br \/>\nToday, most of Bu\u0142hak's captured scenes are perhaps the sole and most informative witnesses of Vilnius' past, its history, and visual transformations.<\/p>\n<p>&nbsp;<\/p>","protected":false},"excerpt":{"rendered":"<p>Jan Bu\u0142hak. Vilnius. 2nd Book<\/p>\n<p>History of Lithuanian photography<\/p>\n<p>Vilnius, 2013. History of Lithuanian photography \u2013 5, 608 p., Lithuanian, summary in English, ISSN 1392-9003; ISBN 978-609-8039-29-0 (general); ISBN 978-609-8039-34-4 (2nd book).<\/p>\n<p>Compiler: J\u016brat\u0117 Gudait\u0117. Artist: Ar\u016bnas Prelgauskas. Editor: Nijol\u0117 Deveikien\u0117.<\/p>\n<p>&nbsp;<\/p>","protected":false},"featured_media":644,"template":"","meta":{"_acf_changed":false,"inline_featured_image":false},"product_brand":[],"product_cat":[25,71,19],"product_tag":[88,87],"class_list":{"0":"post-319","1":"product","2":"type-product","3":"status-publish","4":"has-post-thumbnail","6":"product_cat-apie-vilniu","7":"product_cat-fotografiju-albumai","8":"product_cat-leidiniai","9":"product_tag-fotografiju-albumai","10":"product_tag-vilnius","12":"first","13":"instock","14":"taxable","15":"shipping-taxable","16":"purchasable","17":"product-type-simple"},"acf":[],"_links":{"self":[{"href":"https:\/\/testlnm.lt\/en\/wp-json\/wp\/v2\/product\/319","targetHints":{"allow":["GET"]}}],"collection":[{"href":"https:\/\/testlnm.lt\/en\/wp-json\/wp\/v2\/product"}],"about":[{"href":"https:\/\/testlnm.lt\/en\/wp-json\/wp\/v2\/types\/product"}],"wp:featuredmedia":[{"embeddable":true,"href":"https:\/\/testlnm.lt\/en\/wp-json\/wp\/v2\/media\/644"}],"wp:attachment":[{"href":"https:\/\/testlnm.lt\/en\/wp-json\/wp\/v2\/media?parent=319"}],"wp:term":[{"taxonomy":"product_brand","embeddable":true,"href":"https:\/\/testlnm.lt\/en\/wp-json\/wp\/v2\/product_brand?post=319"},{"taxonomy":"product_cat","embeddable":true,"href":"https:\/\/testlnm.lt\/en\/wp-json\/wp\/v2\/product_cat?post=319"},{"taxonomy":"product_tag","embeddable":true,"href":"https:\/\/testlnm.lt\/en\/wp-json\/wp\/v2\/product_tag?post=319"}],"curies":[{"name":"wp","href":"https:\/\/api.w.org\/{rel}","templated":true}]}}