{"id":325,"date":"2021-09-02T11:35:58","date_gmt":"2021-09-02T08:35:58","guid":{"rendered":"https:\/\/testlnm.lt\/?post_type=product&#038;p=325"},"modified":"2026-04-01T11:44:46","modified_gmt":"2026-04-01T08:44:46","slug":"giedre-jankeviciute-petras-repsys-medaliai-ir-plaketes-katalogas","status":"publish","type":"product","link":"https:\/\/testlnm.lt\/en\/product\/giedre-jankeviciute-petras-repsys-medaliai-ir-plaketes-katalogas\/","title":{"rendered":"Giedr\u0117 Jankevi\u010di\u016bt\u0117. Petras Rap\u0161ys: Medals and Plaques. Catalogue"},"content":{"rendered":"<p>The catalog contains 186 medals created by the artist Petras Rep\u0161ys. They are divided into twelve groups, such as: medals dedicated to Lithuanian cultural classics, writers of his generation, artists of his generation, events and personalities of old and new Lithuanian history. Each artwork in the catalog is accompanied by a description written by art researcher Giedr\u0117 Jankevi\u010di\u016bt\u0117, which includes an interesting story about the creation of the medal or a comprehensive art historical commentary.<\/p>","protected":false},"excerpt":{"rendered":"<p>Giedr\u0117 Jankevi\u010di\u016bt\u0117. Petras Rap\u0161ys: Medals and Plaques. Catalogue<\/p>\n<p>History and the artist<\/p>\n<p>Vilnius, 2017. 248 p., Lithuanian., ISSN 2538-7588; ISBN 978-609-8039-99-3<\/p>\n<p>Reviewer: Dalia Grimalauskait\u0117. Artist: Vida Kurait\u0117. Editor: Nijol\u0117 Deveikien\u0117. Photographer: Ar\u016bnas Balt\u0117nas.<\/p>\n<p>&nbsp;<\/p>","protected":false},"featured_media":787,"template":"","meta":{"_acf_changed":false,"inline_featured_image":false},"product_brand":[],"product_cat":[19,74,76],"product_tag":[86],"class_list":{"0":"post-325","1":"product","2":"type-product","3":"status-publish","4":"has-post-thumbnail","6":"product_cat-leidiniai","7":"product_cat-menas-architektura","8":"product_cat-numizmatika","9":"product_tag-menas","11":"first","12":"instock","13":"taxable","14":"shipping-taxable","15":"purchasable","16":"product-type-simple"},"acf":[],"_links":{"self":[{"href":"https:\/\/testlnm.lt\/en\/wp-json\/wp\/v2\/product\/325","targetHints":{"allow":["GET"]}}],"collection":[{"href":"https:\/\/testlnm.lt\/en\/wp-json\/wp\/v2\/product"}],"about":[{"href":"https:\/\/testlnm.lt\/en\/wp-json\/wp\/v2\/types\/product"}],"wp:featuredmedia":[{"embeddable":true,"href":"https:\/\/testlnm.lt\/en\/wp-json\/wp\/v2\/media\/787"}],"wp:attachment":[{"href":"https:\/\/testlnm.lt\/en\/wp-json\/wp\/v2\/media?parent=325"}],"wp:term":[{"taxonomy":"product_brand","embeddable":true,"href":"https:\/\/testlnm.lt\/en\/wp-json\/wp\/v2\/product_brand?post=325"},{"taxonomy":"product_cat","embeddable":true,"href":"https:\/\/testlnm.lt\/en\/wp-json\/wp\/v2\/product_cat?post=325"},{"taxonomy":"product_tag","embeddable":true,"href":"https:\/\/testlnm.lt\/en\/wp-json\/wp\/v2\/product_tag?post=325"}],"curies":[{"name":"wp","href":"https:\/\/api.w.org\/{rel}","templated":true}]}}