{"id":326,"date":"2021-09-02T11:40:52","date_gmt":"2021-09-02T08:40:52","guid":{"rendered":"https:\/\/testlnm.lt\/?post_type=product&#038;p=326"},"modified":"2026-04-21T13:04:59","modified_gmt":"2026-04-21T10:04:59","slug":"leonas-zuklys-skiriama-leono-zuklio-95-meciui","status":"publish","type":"product","link":"https:\/\/testlnm.lt\/en\/product\/leonas-zuklys-skiriama-leono-zuklio-95-meciui\/","title":{"rendered":"Leonas \u017duklys. For Leonas \u017duklys' 95th Anniversary"},"content":{"rendered":"<p>In 2013, commemorating the 90th anniversary of Leonas \u017duklys, the Lithuanian National Museum hosted a solo exhibition of the artist, which served as the basis for this publication. The album's structure reflects the artist's multifaceted creativity. The first part of the book, titled \"Historical Portraits,\" presents works immortalizing famous creators, scholars, and public figures. These invaluable documents of iconographic value significantly enrich our gallery of intellectual portraits. The second part, under the conditional title \"Thematic Creativity,\" bears witness to the 20th-century humanity, the values of the nation, and individual choices. Documents reflecting the sculptor's pedagogical activities form a separate strand in the book, illustrating one aspect of his work.<\/p>","protected":false},"excerpt":{"rendered":"<p>Leonas \u017duklys. For Leonas \u017duklys' 95th Anniversary<\/p>\n<p>History and the artist<\/p>\n<p>Vilnius, 2017. History and the artist, 184 p. Lithuanian, summary in English, ISBN 978-609-478-002-8<\/p>\n<p>Publication compilers: Leonas \u017duklys, Dr. Jolanta Bernotaityt\u0117. Editor: Nijol\u0117 Deveikien\u0117. Photographer: Ar\u016bnas Balt\u0117nas. Layout designer: Virginija Lapu\u0161auskien\u0117.<\/p>","protected":false},"featured_media":764,"template":"","meta":{"_acf_changed":false,"inline_featured_image":false},"product_brand":[],"product_cat":[19,74],"product_tag":[86],"class_list":{"0":"post-326","1":"product","2":"type-product","3":"status-publish","4":"has-post-thumbnail","6":"product_cat-leidiniai","7":"product_cat-menas-architektura","8":"product_tag-menas","10":"first","11":"instock","12":"taxable","13":"shipping-taxable","14":"purchasable","15":"product-type-simple"},"acf":[],"_links":{"self":[{"href":"https:\/\/testlnm.lt\/en\/wp-json\/wp\/v2\/product\/326","targetHints":{"allow":["GET"]}}],"collection":[{"href":"https:\/\/testlnm.lt\/en\/wp-json\/wp\/v2\/product"}],"about":[{"href":"https:\/\/testlnm.lt\/en\/wp-json\/wp\/v2\/types\/product"}],"wp:featuredmedia":[{"embeddable":true,"href":"https:\/\/testlnm.lt\/en\/wp-json\/wp\/v2\/media\/764"}],"wp:attachment":[{"href":"https:\/\/testlnm.lt\/en\/wp-json\/wp\/v2\/media?parent=326"}],"wp:term":[{"taxonomy":"product_brand","embeddable":true,"href":"https:\/\/testlnm.lt\/en\/wp-json\/wp\/v2\/product_brand?post=326"},{"taxonomy":"product_cat","embeddable":true,"href":"https:\/\/testlnm.lt\/en\/wp-json\/wp\/v2\/product_cat?post=326"},{"taxonomy":"product_tag","embeddable":true,"href":"https:\/\/testlnm.lt\/en\/wp-json\/wp\/v2\/product_tag?post=326"}],"curies":[{"name":"wp","href":"https:\/\/api.w.org\/{rel}","templated":true}]}}