{"id":327,"date":"2021-09-01T18:20:27","date_gmt":"2021-09-01T15:20:27","guid":{"rendered":"https:\/\/testlnm.lt\/?post_type=product&#038;p=327"},"modified":"2026-04-01T11:44:56","modified_gmt":"2026-04-01T08:44:56","slug":"gedimino-petraicio-tradicines-liaudies-skulpturos-rinkinys","status":"publish","type":"product","link":"https:\/\/testlnm.lt\/en\/product\/gedimino-petraicio-tradicines-liaudies-skulpturos-rinkinys\/","title":{"rendered":"Gediminas Petraitis' Traditional Folk Sculpture Collection"},"content":{"rendered":"<p>Gediminas Petraitis is a well-known collector in Lithuanian studies, including books, painting, old graphics, and traditional folk sculpture. The published collection of traditional folk sculpture consists of 162 objects. The largest part of the collection is made up of Samogitian sculptures characterized by the diversity and realism of the plots. Most of them are dated from the 19th century to the beginning of the 20th century, with only a few known precise dates of creation and authors. The predominant themes of Jesus Christ and the Blessed Virgin Mary reflect the spread of Christian iconography themes in folk sculpture.<\/p>\n<p>&nbsp;<\/p>","protected":false},"excerpt":{"rendered":"<p>Gediminas Petraitis' Traditional Folk Sculpture Collection<\/p>\n<p>The museum and the collector<\/p>\n<p>Vilnius, 2012. The museum and the collector, 248 p., Lithuanian, summaries in English, ISBN 978-609-8039-18-4.<\/p>\n<p>Compiler: Elvyda Lazauskait\u0117. Artist: Ar\u016bnas Prelgauskas. Editor: Maryt\u0117 Slu\u0161inskait\u0117.<\/p>","protected":false},"featured_media":650,"template":"","meta":{"_acf_changed":false,"inline_featured_image":false},"product_brand":[],"product_cat":[70,19,74],"product_tag":[115,86],"class_list":{"0":"post-327","1":"product","2":"type-product","3":"status-publish","4":"has-post-thumbnail","6":"product_cat-etnografija","7":"product_cat-leidiniai","8":"product_cat-menas-architektura","9":"product_tag-kolekcionieriai","10":"product_tag-menas","12":"first","13":"instock","14":"taxable","15":"shipping-taxable","16":"purchasable","17":"product-type-simple"},"acf":[],"_links":{"self":[{"href":"https:\/\/testlnm.lt\/en\/wp-json\/wp\/v2\/product\/327","targetHints":{"allow":["GET"]}}],"collection":[{"href":"https:\/\/testlnm.lt\/en\/wp-json\/wp\/v2\/product"}],"about":[{"href":"https:\/\/testlnm.lt\/en\/wp-json\/wp\/v2\/types\/product"}],"wp:featuredmedia":[{"embeddable":true,"href":"https:\/\/testlnm.lt\/en\/wp-json\/wp\/v2\/media\/650"}],"wp:attachment":[{"href":"https:\/\/testlnm.lt\/en\/wp-json\/wp\/v2\/media?parent=327"}],"wp:term":[{"taxonomy":"product_brand","embeddable":true,"href":"https:\/\/testlnm.lt\/en\/wp-json\/wp\/v2\/product_brand?post=327"},{"taxonomy":"product_cat","embeddable":true,"href":"https:\/\/testlnm.lt\/en\/wp-json\/wp\/v2\/product_cat?post=327"},{"taxonomy":"product_tag","embeddable":true,"href":"https:\/\/testlnm.lt\/en\/wp-json\/wp\/v2\/product_tag?post=327"}],"curies":[{"name":"wp","href":"https:\/\/api.w.org\/{rel}","templated":true}]}}