{"id":328,"date":"2021-09-01T19:01:06","date_gmt":"2021-09-01T16:01:06","guid":{"rendered":"https:\/\/testlnm.lt\/?post_type=product&#038;p=328"},"modified":"2026-04-17T09:21:11","modified_gmt":"2026-04-17T06:21:11","slug":"zigfrido-jankausko-lituanistiniu-sidabro-dirbiniu-rinkinys","status":"publish","type":"product","link":"https:\/\/testlnm.lt\/en\/product\/zigfrido-jankausko-lituanistiniu-sidabro-dirbiniu-rinkinys\/","title":{"rendered":"Zigfrido Jankausko lituanistini\u0173 sidabro dirbini\u0173 rinkinys"},"content":{"rendered":"<p>Zigfridas Jankauskas yra \u017einomas lituanistikos \u2013 numizmatikos, istorini\u0173 medali\u0173, sidabro dirbini\u0173, tapybos, bukinistikos ir faleristikos \u2013 kolekcininkas.<\/p>\n<p>Per daugel\u012f met\u0173 Z. Jankauskas sukaup\u0117 verting\u0105 Lietuvos auksakali\u0173 ir su Lietuva susijusi\u0173 sidabro dirbini\u0173 rinkin\u012f. Kryptingai rinktoje kolekcijoje sukaupta apie 4000 \u012fvairiausi\u0173 XVIII\u00a0a.\u00a0\u2013 XX a. pirmos pus\u0117s sidabro dirbini\u0173. Did\u017eiausi\u0105 kolekcijos dal\u012f sudaro Vilniaus, Kauno ir Klaip\u0117dos meistr\u0173 darbai, o su Lietuva susijusi\u0173 dirbini\u0173 grup\u0117je vyrauja Var\u0161uvos, Rygos, Gardino ir itin reti Karaliau\u010diaus auksakali\u0173 darbai. Z. Jankausko surinkta lituanistini\u0173 sidabro dirbini\u0173 kolekcija yra vienas vertingiausi\u0173 priva\u010di\u0173 \u0161ios temos rinkini\u0173 Lietuvoje.<\/p>","protected":false},"excerpt":{"rendered":"<p>Zigfrido Jankausko lituanistini\u0173 sidabro dirbini\u0173 rinkinys<\/p>\n<p>The museum and the collector<\/p>\n<p>Vilnius, 2014. Muziejus ir kolekcininkas &#8211; 3, 192 p., lietuvi\u0173 k., santr. angl\u0173 k., ISSN 2351-5287; ISBN 978-609-8039-52-8.<\/p>\n<p>Sudarytojas Tadas \u0160\u0117ma. Dailininkas Ar\u016bnas Prelgauskas, redaktor\u0117 Daiva Staki\u0161aitien\u0117<\/p>","protected":false},"featured_media":564,"template":"","meta":{"_acf_changed":false,"inline_featured_image":false},"product_brand":[],"product_cat":[24,19],"product_tag":[115],"class_list":{"0":"post-328","1":"product","2":"type-product","3":"status-publish","4":"has-post-thumbnail","6":"product_cat-kolekciju-rinkiniai","7":"product_cat-leidiniai","8":"product_tag-kolekcionieriai","10":"first","11":"instock","12":"taxable","13":"shipping-taxable","14":"purchasable","15":"product-type-simple"},"acf":[],"_links":{"self":[{"href":"https:\/\/testlnm.lt\/en\/wp-json\/wp\/v2\/product\/328","targetHints":{"allow":["GET"]}}],"collection":[{"href":"https:\/\/testlnm.lt\/en\/wp-json\/wp\/v2\/product"}],"about":[{"href":"https:\/\/testlnm.lt\/en\/wp-json\/wp\/v2\/types\/product"}],"wp:featuredmedia":[{"embeddable":true,"href":"https:\/\/testlnm.lt\/en\/wp-json\/wp\/v2\/media\/564"}],"wp:attachment":[{"href":"https:\/\/testlnm.lt\/en\/wp-json\/wp\/v2\/media?parent=328"}],"wp:term":[{"taxonomy":"product_brand","embeddable":true,"href":"https:\/\/testlnm.lt\/en\/wp-json\/wp\/v2\/product_brand?post=328"},{"taxonomy":"product_cat","embeddable":true,"href":"https:\/\/testlnm.lt\/en\/wp-json\/wp\/v2\/product_cat?post=328"},{"taxonomy":"product_tag","embeddable":true,"href":"https:\/\/testlnm.lt\/en\/wp-json\/wp\/v2\/product_tag?post=328"}],"curies":[{"name":"wp","href":"https:\/\/api.w.org\/{rel}","templated":true}]}}