{"id":329,"date":"2021-09-01T19:02:52","date_gmt":"2021-09-01T16:02:52","guid":{"rendered":"https:\/\/testlnm.lt\/?post_type=product&#038;p=329"},"modified":"2026-04-01T11:44:54","modified_gmt":"2026-04-01T08:44:54","slug":"gedimino-petraicio-iseivijos-dailes-rinkinys","status":"publish","type":"product","link":"https:\/\/testlnm.lt\/en\/product\/gedimino-petraicio-iseivijos-dailes-rinkinys\/","title":{"rendered":"Gediminas Petraitis' Collection of Diaspora Art"},"content":{"rendered":"<p>Gediminas Petraitis is a renowned collector of Lithuanian art, including books, paintings, old graphics, traditional folk sculptures, and artworks from the 19th to 20th centuries.<br \/>\nHis collection of diaspora art consists of 200 pieces, primarily paintings and graphics. The core of the collection comprises works by pre-war renowned Lithuanian artists, as well as pieces by graduates of the Freiburg School of Arts and Crafts, created between 1945 and 1990. The collection effectively reflects the main shifts in Lithuanian professional art in the diaspora, while the lesser-known artists' works enrich the overall panorama of diaspora art.<\/p>\n<p>&nbsp;<\/p>","protected":false},"excerpt":{"rendered":"<p>Gediminas Petraitis' Collection of Diaspora Art<\/p>\n<p>The museum and the collector<\/p>\n<p>Vilnius, 2014. The museum and the collector \u2013 2, 296 p., Lithuanian, summaries in English, ISSN 2351-5287; ISBN 978-609-8039-51-1.<\/p>\n<p>Compiler: Jolanta Bernotaityt\u0117. Artist: Ar\u016bnas Prelgauskas. Editor: Nijol\u0117 Deveikien\u0117<\/p>\n<p>&nbsp;<\/p>","protected":false},"featured_media":651,"template":"","meta":{"_acf_changed":false,"inline_featured_image":false},"product_brand":[],"product_cat":[24,19,74],"product_tag":[115,86],"class_list":{"0":"post-329","1":"product","2":"type-product","3":"status-publish","4":"has-post-thumbnail","6":"product_cat-kolekciju-rinkiniai","7":"product_cat-leidiniai","8":"product_cat-menas-architektura","9":"product_tag-kolekcionieriai","10":"product_tag-menas","12":"first","13":"instock","14":"taxable","15":"shipping-taxable","16":"purchasable","17":"product-type-simple"},"acf":[],"_links":{"self":[{"href":"https:\/\/testlnm.lt\/en\/wp-json\/wp\/v2\/product\/329","targetHints":{"allow":["GET"]}}],"collection":[{"href":"https:\/\/testlnm.lt\/en\/wp-json\/wp\/v2\/product"}],"about":[{"href":"https:\/\/testlnm.lt\/en\/wp-json\/wp\/v2\/types\/product"}],"wp:featuredmedia":[{"embeddable":true,"href":"https:\/\/testlnm.lt\/en\/wp-json\/wp\/v2\/media\/651"}],"wp:attachment":[{"href":"https:\/\/testlnm.lt\/en\/wp-json\/wp\/v2\/media?parent=329"}],"wp:term":[{"taxonomy":"product_brand","embeddable":true,"href":"https:\/\/testlnm.lt\/en\/wp-json\/wp\/v2\/product_brand?post=329"},{"taxonomy":"product_cat","embeddable":true,"href":"https:\/\/testlnm.lt\/en\/wp-json\/wp\/v2\/product_cat?post=329"},{"taxonomy":"product_tag","embeddable":true,"href":"https:\/\/testlnm.lt\/en\/wp-json\/wp\/v2\/product_tag?post=329"}],"curies":[{"name":"wp","href":"https:\/\/api.w.org\/{rel}","templated":true}]}}