{"id":3400,"date":"2025-04-06T13:45:10","date_gmt":"2025-04-06T10:45:10","guid":{"rendered":"https:\/\/testlnm.lt\/?post_type=product&#038;p=3400"},"modified":"2026-04-17T09:20:43","modified_gmt":"2026-04-17T06:20:43","slug":"kazys-varnelis-le-classiciste-op-de-lituanie-the-op-classicist-from-lithuania","status":"publish","type":"product","link":"https:\/\/testlnm.lt\/en\/product\/kazys-varnelis-le-classiciste-op-de-lituanie-the-op-classicist-from-lithuania\/","title":{"rendered":"Kazys Varnelis. Le classiciste op de Lituanie \/ The Op Classicist from Lithuania"},"content":{"rendered":"<p>In the fall of 2024, the work of the Lithuanian master of optical art Kazys Varnelis (1917\u20132010) was presented to the French audience for the first time in two exhibitions. The largest European museum of modern art, the Pompidou Center in Paris, hosted an exhibition of the artist\u2019s paintings \u201cOptical Classicist from Lithuania,\u201d and the \u201cEthnographic Op Art\u201d exhibition was exhibited at the Victor Vasarely Foundation, the pioneer of optical art, in Aix-en-Provence. The catalog publishes texts by curators Indr\u0117 Urbelyt\u0117 and Michel Gauthier, which present the artist\u2019s life and work in the international context of optical and minimalist art. The exceptional design of the catalog was inspired by the creative legacy of Kazys Varnelis, preserved in the National Museum of Lithuania. This project is part of the 2024 Lithuanian Season in France.<\/p>\n<p>The catalog is published in English and French.<\/p>","protected":false},"excerpt":{"rendered":"<p>Vilnius, 2024, 115 p., angl\u0173 k., pranc\u016bz\u0173 k. ISBN 978-609-478-084-4.<\/p>","protected":false},"featured_media":3335,"template":"","meta":{"_acf_changed":false,"inline_featured_image":false},"product_brand":[],"product_cat":[19,183,147,174,72],"product_tag":[],"class_list":{"0":"post-3400","1":"product","2":"type-product","3":"status-publish","4":"has-post-thumbnail","6":"product_cat-leidiniai","7":"product_cat-leidiniai-anglu-kalba","8":"product_cat-naujausi-leidiniai","9":"product_cat-naujienos","10":"product_cat-parodu-katalogai-ir-kspoziciju-vadovai","12":"first","13":"instock","14":"taxable","15":"shipping-taxable","16":"purchasable","17":"product-type-simple"},"acf":[],"_links":{"self":[{"href":"https:\/\/testlnm.lt\/en\/wp-json\/wp\/v2\/product\/3400","targetHints":{"allow":["GET"]}}],"collection":[{"href":"https:\/\/testlnm.lt\/en\/wp-json\/wp\/v2\/product"}],"about":[{"href":"https:\/\/testlnm.lt\/en\/wp-json\/wp\/v2\/types\/product"}],"wp:featuredmedia":[{"embeddable":true,"href":"https:\/\/testlnm.lt\/en\/wp-json\/wp\/v2\/media\/3335"}],"wp:attachment":[{"href":"https:\/\/testlnm.lt\/en\/wp-json\/wp\/v2\/media?parent=3400"}],"wp:term":[{"taxonomy":"product_brand","embeddable":true,"href":"https:\/\/testlnm.lt\/en\/wp-json\/wp\/v2\/product_brand?post=3400"},{"taxonomy":"product_cat","embeddable":true,"href":"https:\/\/testlnm.lt\/en\/wp-json\/wp\/v2\/product_cat?post=3400"},{"taxonomy":"product_tag","embeddable":true,"href":"https:\/\/testlnm.lt\/en\/wp-json\/wp\/v2\/product_tag?post=3400"}],"curies":[{"name":"wp","href":"https:\/\/api.w.org\/{rel}","templated":true}]}}