{"id":3429,"date":"2025-05-13T16:19:14","date_gmt":"2025-05-13T13:19:14","guid":{"rendered":"https:\/\/testlnm.lt\/?post_type=product&#038;p=3429"},"modified":"2026-04-01T11:44:21","modified_gmt":"2026-04-01T08:44:21","slug":"antanas-ingelevicius-fotografo-archyvas-photographers-archive","status":"publish","type":"product","link":"https:\/\/testlnm.lt\/en\/product\/antanas-ingelevicius-fotografo-archyvas-photographers-archive\/","title":{"rendered":"Antanas Ingelevi\u010dius. Photographer\u2019s Archive"},"content":{"rendered":"<p>Photographer Antanas Ingelevi\u010dius (1892\u20131947) and his archive of negatives are a new page in the history of Lithuanian photography. Coming from a noble family and choosing a Lithuanian identity, Ingelevi\u010dius settled in Kaunas in 1920, which became the political and cultural center of the Lithuanian state. He tried acting and chose the path of a photographer. He photographed most intensively in the 1930s.<\/p>\n<p>Ingelevi\u010dius' archive is like a mosaic reflecting various aspects of life in the temporary capital. It is a photographic document of the \"Vilkolakis\" theater (1919\u20131925) and the first manifestations of bohemia, it is a social and urban revelation of Kaunas, it is a diary of family everyday life.<\/p>\n<p>This publication, published in Lithuanian and English, publishes for the first time the photographer's entire photo archive (836 pieces) and contextualizing it with articles by museum curators Vitalija Jo\u010dyt\u0117 and Gytis Gri\u017eas, art historian Dr. Margarita Matulyt\u0117, and architectural historian Dr. Vaidas Petrulis.<\/p>\n<p>Ingelevi\u010dius's works were first presented to the public in 2022 at the exhibition \"Antanas Ingelevi\u010dius: Creator and City\" organized by the National Museum of Lithuania.<\/p>\n<p>Compiled by Gytis Gri\u017eas and Vitalija Jo\u010dyt\u0117.<br \/>\nThe authors of the texts are Gytis Gri\u017eas, Vitalija Jo\u010dyt\u0117, Dr. Margarita Matulyt\u0117, Dr. Vaidas Petrulis.<br \/>\nScientific editor Dr. Margarita Matulyt\u0117.<br \/>\nReviewers: Dr. Dainius Junevi\u010dius, Dr. Skaidr\u0117 Urbonien\u0117.<br \/>\nEditor Maryt\u0117 Slu\u0161inskait\u0117.<br \/>\nTranslated by Monika Kisliakovait\u0117-\u010caplikien\u0117.<br \/>\nArtist Vida Ona Kurait\u0117.<br \/>\nThe negatives were digitized by Gediminas Tre\u010diokas and D\u017eiugas Palukaitis.<br \/>\nLanguages: Lithuanian and English <\/p>","protected":false},"excerpt":{"rendered":"<p>Compiled by Gytis Gri\u017eas and Vitalija Jo\u010dyt\u0117.<\/p>\n<p>Vilnius, 2024 m., 480 p., lietuvi\u0173 k., angl\u0173 k. ISBN 978-609-478-086-8.<\/p>","protected":false},"featured_media":3453,"template":"","meta":{"_acf_changed":false,"inline_featured_image":false},"product_brand":[],"product_cat":[176,71,19,183,147,174],"product_tag":[],"class_list":{"0":"post-3429","1":"product","2":"type-product","3":"status-publish","4":"has-post-thumbnail","6":"product_cat-apie-kauna","7":"product_cat-fotografiju-albumai","8":"product_cat-leidiniai","9":"product_cat-leidiniai-anglu-kalba","10":"product_cat-naujausi-leidiniai","11":"product_cat-naujienos","13":"first","14":"instock","15":"taxable","16":"shipping-taxable","17":"purchasable","18":"product-type-simple"},"acf":[],"_links":{"self":[{"href":"https:\/\/testlnm.lt\/en\/wp-json\/wp\/v2\/product\/3429","targetHints":{"allow":["GET"]}}],"collection":[{"href":"https:\/\/testlnm.lt\/en\/wp-json\/wp\/v2\/product"}],"about":[{"href":"https:\/\/testlnm.lt\/en\/wp-json\/wp\/v2\/types\/product"}],"wp:featuredmedia":[{"embeddable":true,"href":"https:\/\/testlnm.lt\/en\/wp-json\/wp\/v2\/media\/3453"}],"wp:attachment":[{"href":"https:\/\/testlnm.lt\/en\/wp-json\/wp\/v2\/media?parent=3429"}],"wp:term":[{"taxonomy":"product_brand","embeddable":true,"href":"https:\/\/testlnm.lt\/en\/wp-json\/wp\/v2\/product_brand?post=3429"},{"taxonomy":"product_cat","embeddable":true,"href":"https:\/\/testlnm.lt\/en\/wp-json\/wp\/v2\/product_cat?post=3429"},{"taxonomy":"product_tag","embeddable":true,"href":"https:\/\/testlnm.lt\/en\/wp-json\/wp\/v2\/product_tag?post=3429"}],"curies":[{"name":"wp","href":"https:\/\/api.w.org\/{rel}","templated":true}]}}