{"id":3469,"date":"2025-02-13T09:36:27","date_gmt":"2025-02-13T07:36:27","guid":{"rendered":"https:\/\/testlnm.lt\/?post_type=product&#038;p=3469"},"modified":"2026-04-01T11:44:23","modified_gmt":"2026-04-01T08:44:23","slug":"atvirukas-su-k-varnelio-kuriniu","status":"publish","type":"product","link":"https:\/\/testlnm.lt\/en\/product\/atvirukas-su-k-varnelio-kuriniu\/","title":{"rendered":"Postcard with a work by K. Varnelis"},"content":{"rendered":"","protected":false},"excerpt":{"rendered":"<p>Postcards with reproductions of K. Varnelis' works. 5 options available.<br \/>\nFormat A5.<\/p>\n<p>Vykdant u\u017esakym\u0105 Pastab\u0173 skiltyje nurodyti norimo atviruko pavadinim\u0105.<\/p>\n<p>&#8211; Pseudolabirintas II\/ Pseudo labyrith II. 1971<br \/>\n&#8211; Variacijos\/ Variations. 1968<br \/>\n&#8211; KA. 1987<br \/>\n&#8211; Kub\u0173 ansamblis\/ Assemblage of Cubes. 1968<br \/>\n&#8211; U ir U. U and U. 1990<\/p>","protected":false},"featured_media":3468,"template":"","meta":{"_acf_changed":false,"inline_featured_image":false},"product_brand":[],"product_cat":[117,20,174],"product_tag":[],"class_list":{"0":"post-3469","1":"product","2":"type-product","3":"status-publish","4":"has-post-thumbnail","6":"product_cat-atvirukai","7":"product_cat-dovanos-suvenyrai","8":"product_cat-naujienos","10":"first","11":"instock","12":"taxable","13":"shipping-taxable","14":"purchasable","15":"product-type-simple"},"acf":[],"_links":{"self":[{"href":"https:\/\/testlnm.lt\/en\/wp-json\/wp\/v2\/product\/3469","targetHints":{"allow":["GET"]}}],"collection":[{"href":"https:\/\/testlnm.lt\/en\/wp-json\/wp\/v2\/product"}],"about":[{"href":"https:\/\/testlnm.lt\/en\/wp-json\/wp\/v2\/types\/product"}],"wp:featuredmedia":[{"embeddable":true,"href":"https:\/\/testlnm.lt\/en\/wp-json\/wp\/v2\/media\/3468"}],"wp:attachment":[{"href":"https:\/\/testlnm.lt\/en\/wp-json\/wp\/v2\/media?parent=3469"}],"wp:term":[{"taxonomy":"product_brand","embeddable":true,"href":"https:\/\/testlnm.lt\/en\/wp-json\/wp\/v2\/product_brand?post=3469"},{"taxonomy":"product_cat","embeddable":true,"href":"https:\/\/testlnm.lt\/en\/wp-json\/wp\/v2\/product_cat?post=3469"},{"taxonomy":"product_tag","embeddable":true,"href":"https:\/\/testlnm.lt\/en\/wp-json\/wp\/v2\/product_tag?post=3469"}],"curies":[{"name":"wp","href":"https:\/\/api.w.org\/{rel}","templated":true}]}}